{"id":2576,"date":"2018-07-02T15:23:23","date_gmt":"2018-07-02T15:23:23","guid":{"rendered":"https:\/\/www.ad-industries.fr\/mentions-legales\/"},"modified":"2025-04-03T13:12:43","modified_gmt":"2025-04-03T13:12:43","slug":"legal-mentions","status":"publish","type":"page","link":"https:\/\/www.ad-industries.fr\/en\/legal-mentions\/","title":{"rendered":"Legal mentions"},"content":{"rendered":"<div class=\"wpb-content-wrapper\"><p>[vc_row][vc_column][vc_column_text]<\/p>\n<h4>General terms and conditions of use<\/h4>\n<p>The total or partial reproduction of the content, pages, images, photos, videos, sound files, scripts and icons on the ad-industries.fr website is prohibited without the express prior consent of the site publisher. Failure to comply with this prohibition constitutes an infringement that may result in civil and criminal liability of the infringer.<\/p>\n<p>French legislation<\/p>\n<p>Site Manager :<br \/>\nMotherson Aerospace<br \/>\nZac du Mazaud<br \/>\nTHE HUNTING<br \/>\nCS 10550<br \/>\n19100 BRIVE-LA-GAILLARDE<br \/>\nFRANCE<\/p>\n<p>Publisher :<br \/>\nMotherson Aerospace<br \/>\nZac du Mazaud<br \/>\nTHE HUNTING<br \/>\nCS 10550<br \/>\n19100 BRIVE-LA-GAILLARDE<br \/>\nFRANCE<\/p>\n<p>Site created by :<br \/>\nAgence A, 24, avenue B\u00e9ziou 64000 PAU<br \/>\nTel 05.59.13.60.80<br \/>\ncontact@agence-a.fr<\/p>\n<p>Site hosted by :<br \/>\nOVH<br \/>\nSAS with a capital of \u20ac 10 069 020<br \/>\nRCS Lille M\u00e9tropole 424 761 419 00045<br \/>\nCode APE 2620Z<br \/>\nVAT NO : EN 22 424 761 419<br \/>\nHead office : 2 rue Kellermann &#8211; 59100 Roubaix &#8211; France<\/p>\n<p>Declaration to the CNIL<br \/>\nAllocation number : in progress<\/p>\n<p>Cookies<br \/>\nThe https:\/\/www.ad-industries.fr website uses tracking devices : mainly cookies, but also the local storage interface of your browser to store information locally. By browsing the site and using it (in particular to place orders) you accept the use of these cookies (and local storage).<\/p>\n<p>The site uses\u00a0 2 types of cookies : some cookies may be added by third party services such as Google Analytics (visit statistics)<\/p>\n<p>Other\u00a0 cookies are created and read by the site\u00a0 https:\/\/www.ad-industries.fr in particular to personalize the customer experience (persistent connection to the account, preferences&#8230;). The information contained in these cookies is never transmitted to companies other than Motherson Aerospace.<\/p>\n<p>The lifetime of these cookies generated by\u00a0 https:\/\/www.ad-industries.fr does not exceed the legal duration of 13 months.<\/p>\n<p>You can delate this information from your browser easily. The procedure depends on the browser used (Chrome, Firefox, Safari, Edge, Internet Explorer, Opera, Lynx\u2026 and other browsers exist). You can find information about your browser by searching the Internet.<\/p>\n<p>Collection of personal data<br \/>\nThe https:\/\/www.ad-industries.fr website may collect personal data.<\/p>\n<p>The data submitted via various forms on the site (contact, newsletter, subscription, etc.) are recorded as part of the commercial relationship between the customer and Motherson Aerospace (archiving of requests, creation of customer files).<\/p>\n<p>In accordance with the General Data Protection Regulations\u00a0 (GDPR) you are free to ask Motherson Aerospace to modify or delate this data, including your customer account, at any time by contacting us by email at contact@ad-industries.fr or by post at the following adress :<br \/>\nMotherson Aerospace<br \/>\nZac du Mazaud<br \/>\nLA CHASSAGNE<br \/>\nCS 10550<br \/>\n19100 BRIVE-LA-GAILLARDE<br \/>\nFRANCE[\/vc_column_text][\/vc_column][\/vc_row]<\/p>\n<\/div>","protected":false},"excerpt":{"rendered":"<p>[vc_row][vc_column][vc_column_text] General terms and conditions of use The total or partial reproduction of the content, pages, images, photos, videos, sound files, scripts and icons on the ad-industries.fr website is prohibited without the express prior consent of the site publisher. Failure to comply with this prohibition constitutes an infringement that may result in civil and criminal<\/p>\n","protected":false},"author":1,"featured_media":0,"parent":0,"menu_order":0,"comment_status":"closed","ping_status":"closed","template":"","meta":{"_acf_changed":false,"footnotes":""},"class_list":["post-2576","page","type-page","status-publish","hentry"],"acf":[],"yoast_head":"<!-- This site is optimized with the Yoast SEO plugin v27.5 - https:\/\/yoast.com\/product\/yoast-seo-wordpress\/ -->\n<title>Legal mentions - Motherson Aerospace<\/title>\n<meta name=\"robots\" content=\"index, follow, max-snippet:-1, max-image-preview:large, max-video-preview:-1\" \/>\n<link rel=\"canonical\" href=\"https:\/\/www.ad-industries.fr\/en\/legal-mentions\/\" \/>\n<meta property=\"og:locale\" content=\"en_US\" \/>\n<meta property=\"og:type\" content=\"article\" \/>\n<meta property=\"og:title\" content=\"Legal mentions - Motherson Aerospace\" \/>\n<meta property=\"og:description\" content=\"[vc_row][vc_column][vc_column_text] General terms and conditions of use The total or partial reproduction of the content, pages, images, photos, videos, sound files, scripts and icons on the ad-industries.fr website is prohibited without the express prior consent of the site publisher. Failure to comply with this prohibition constitutes an infringement that may result in civil and criminal\" \/>\n<meta property=\"og:url\" content=\"https:\/\/www.ad-industries.fr\/en\/legal-mentions\/\" \/>\n<meta property=\"og:site_name\" content=\"Motherson Aerospace\" \/>\n<meta property=\"article:modified_time\" content=\"2025-04-03T13:12:43+00:00\" \/>\n<meta name=\"twitter:card\" content=\"summary_large_image\" \/>\n<meta name=\"twitter:label1\" content=\"Est. reading time\" \/>\n\t<meta name=\"twitter:data1\" content=\"3 minutes\" \/>\n<script type=\"application\/ld+json\" class=\"yoast-schema-graph\">{\"@context\":\"https:\\\/\\\/schema.org\",\"@graph\":[{\"@type\":\"WebPage\",\"@id\":\"https:\\\/\\\/www.ad-industries.fr\\\/en\\\/legal-mentions\\\/\",\"url\":\"https:\\\/\\\/www.ad-industries.fr\\\/en\\\/legal-mentions\\\/\",\"name\":\"Legal mentions - Motherson Aerospace\",\"isPartOf\":{\"@id\":\"https:\\\/\\\/www.ad-industries.fr\\\/#website\"},\"datePublished\":\"2018-07-02T15:23:23+00:00\",\"dateModified\":\"2025-04-03T13:12:43+00:00\",\"breadcrumb\":{\"@id\":\"https:\\\/\\\/www.ad-industries.fr\\\/en\\\/legal-mentions\\\/#breadcrumb\"},\"inLanguage\":\"en-US\",\"potentialAction\":[{\"@type\":\"ReadAction\",\"target\":[\"https:\\\/\\\/www.ad-industries.fr\\\/en\\\/legal-mentions\\\/\"]}]},{\"@type\":\"BreadcrumbList\",\"@id\":\"https:\\\/\\\/www.ad-industries.fr\\\/en\\\/legal-mentions\\\/#breadcrumb\",\"itemListElement\":[{\"@type\":\"ListItem\",\"position\":1,\"name\":\"Accueil\",\"item\":\"https:\\\/\\\/www.ad-industries.fr\\\/en\\\/\"},{\"@type\":\"ListItem\",\"position\":2,\"name\":\"Legal mentions\"}]},{\"@type\":\"WebSite\",\"@id\":\"https:\\\/\\\/www.ad-industries.fr\\\/#website\",\"url\":\"https:\\\/\\\/www.ad-industries.fr\\\/\",\"name\":\"Motherson Aerospace\",\"description\":\"Motherson Aerospace est un groupe industriel sp\u00e9cialis\u00e9 en ing\u00e9nierie m\u00e9canique, hydraulique et compsosite, fort de ses 14 sites de productions sp\u00e9cifiques et compl\u00e9mentaire.\",\"publisher\":{\"@id\":\"https:\\\/\\\/www.ad-industries.fr\\\/#organization\"},\"potentialAction\":[{\"@type\":\"SearchAction\",\"target\":{\"@type\":\"EntryPoint\",\"urlTemplate\":\"https:\\\/\\\/www.ad-industries.fr\\\/?s={search_term_string}\"},\"query-input\":{\"@type\":\"PropertyValueSpecification\",\"valueRequired\":true,\"valueName\":\"search_term_string\"}}],\"inLanguage\":\"en-US\"},{\"@type\":\"Organization\",\"@id\":\"https:\\\/\\\/www.ad-industries.fr\\\/#organization\",\"name\":\"AD Industries : Ing\u00e9nierie m\u00e9canique, Hydraulique & Composite\",\"url\":\"https:\\\/\\\/www.ad-industries.fr\\\/\",\"logo\":{\"@type\":\"ImageObject\",\"inLanguage\":\"en-US\",\"@id\":\"https:\\\/\\\/www.ad-industries.fr\\\/#\\\/schema\\\/logo\\\/image\\\/\",\"url\":\"https:\\\/\\\/www.ad-industries.fr\\\/content\\\/uploads\\\/2018\\\/10\\\/logo-ad-industries.png\",\"contentUrl\":\"https:\\\/\\\/www.ad-industries.fr\\\/content\\\/uploads\\\/2018\\\/10\\\/logo-ad-industries.png\",\"width\":350,\"height\":61,\"caption\":\"AD Industries : Ing\u00e9nierie m\u00e9canique, Hydraulique & Composite\"},\"image\":{\"@id\":\"https:\\\/\\\/www.ad-industries.fr\\\/#\\\/schema\\\/logo\\\/image\\\/\"},\"sameAs\":[\"https:\\\/\\\/www.linkedin.com\\\/company\\\/11211785\\\/admin\\\/\"]}]}<\/script>\n<!-- \/ Yoast SEO plugin. -->","yoast_head_json":{"title":"Legal mentions - Motherson Aerospace","robots":{"index":"index","follow":"follow","max-snippet":"max-snippet:-1","max-image-preview":"max-image-preview:large","max-video-preview":"max-video-preview:-1"},"canonical":"https:\/\/www.ad-industries.fr\/en\/legal-mentions\/","og_locale":"en_US","og_type":"article","og_title":"Legal mentions - Motherson Aerospace","og_description":"[vc_row][vc_column][vc_column_text] General terms and conditions of use The total or partial reproduction of the content, pages, images, photos, videos, sound files, scripts and icons on the ad-industries.fr website is prohibited without the express prior consent of the site publisher. Failure to comply with this prohibition constitutes an infringement that may result in civil and criminal","og_url":"https:\/\/www.ad-industries.fr\/en\/legal-mentions\/","og_site_name":"Motherson Aerospace","article_modified_time":"2025-04-03T13:12:43+00:00","twitter_card":"summary_large_image","twitter_misc":{"Est. reading time":"3 minutes"},"schema":{"@context":"https:\/\/schema.org","@graph":[{"@type":"WebPage","@id":"https:\/\/www.ad-industries.fr\/en\/legal-mentions\/","url":"https:\/\/www.ad-industries.fr\/en\/legal-mentions\/","name":"Legal mentions - Motherson Aerospace","isPartOf":{"@id":"https:\/\/www.ad-industries.fr\/#website"},"datePublished":"2018-07-02T15:23:23+00:00","dateModified":"2025-04-03T13:12:43+00:00","breadcrumb":{"@id":"https:\/\/www.ad-industries.fr\/en\/legal-mentions\/#breadcrumb"},"inLanguage":"en-US","potentialAction":[{"@type":"ReadAction","target":["https:\/\/www.ad-industries.fr\/en\/legal-mentions\/"]}]},{"@type":"BreadcrumbList","@id":"https:\/\/www.ad-industries.fr\/en\/legal-mentions\/#breadcrumb","itemListElement":[{"@type":"ListItem","position":1,"name":"Accueil","item":"https:\/\/www.ad-industries.fr\/en\/"},{"@type":"ListItem","position":2,"name":"Legal mentions"}]},{"@type":"WebSite","@id":"https:\/\/www.ad-industries.fr\/#website","url":"https:\/\/www.ad-industries.fr\/","name":"Motherson Aerospace","description":"Motherson Aerospace est un groupe industriel sp\u00e9cialis\u00e9 en ing\u00e9nierie m\u00e9canique, hydraulique et compsosite, fort de ses 14 sites de productions sp\u00e9cifiques et compl\u00e9mentaire.","publisher":{"@id":"https:\/\/www.ad-industries.fr\/#organization"},"potentialAction":[{"@type":"SearchAction","target":{"@type":"EntryPoint","urlTemplate":"https:\/\/www.ad-industries.fr\/?s={search_term_string}"},"query-input":{"@type":"PropertyValueSpecification","valueRequired":true,"valueName":"search_term_string"}}],"inLanguage":"en-US"},{"@type":"Organization","@id":"https:\/\/www.ad-industries.fr\/#organization","name":"AD Industries : Ing\u00e9nierie m\u00e9canique, Hydraulique & Composite","url":"https:\/\/www.ad-industries.fr\/","logo":{"@type":"ImageObject","inLanguage":"en-US","@id":"https:\/\/www.ad-industries.fr\/#\/schema\/logo\/image\/","url":"https:\/\/www.ad-industries.fr\/content\/uploads\/2018\/10\/logo-ad-industries.png","contentUrl":"https:\/\/www.ad-industries.fr\/content\/uploads\/2018\/10\/logo-ad-industries.png","width":350,"height":61,"caption":"AD Industries : Ing\u00e9nierie m\u00e9canique, Hydraulique & Composite"},"image":{"@id":"https:\/\/www.ad-industries.fr\/#\/schema\/logo\/image\/"},"sameAs":["https:\/\/www.linkedin.com\/company\/11211785\/admin\/"]}]}},"_links":{"self":[{"href":"https:\/\/www.ad-industries.fr\/en\/wp-json\/wp\/v2\/pages\/2576","targetHints":{"allow":["GET"]}}],"collection":[{"href":"https:\/\/www.ad-industries.fr\/en\/wp-json\/wp\/v2\/pages"}],"about":[{"href":"https:\/\/www.ad-industries.fr\/en\/wp-json\/wp\/v2\/types\/page"}],"author":[{"embeddable":true,"href":"https:\/\/www.ad-industries.fr\/en\/wp-json\/wp\/v2\/users\/1"}],"replies":[{"embeddable":true,"href":"https:\/\/www.ad-industries.fr\/en\/wp-json\/wp\/v2\/comments?post=2576"}],"version-history":[{"count":6,"href":"https:\/\/www.ad-industries.fr\/en\/wp-json\/wp\/v2\/pages\/2576\/revisions"}],"predecessor-version":[{"id":4265,"href":"https:\/\/www.ad-industries.fr\/en\/wp-json\/wp\/v2\/pages\/2576\/revisions\/4265"}],"wp:attachment":[{"href":"https:\/\/www.ad-industries.fr\/en\/wp-json\/wp\/v2\/media?parent=2576"}],"curies":[{"name":"wp","href":"https:\/\/api.w.org\/{rel}","templated":true}]}}