{"id":2572,"date":"2018-12-06T08:56:48","date_gmt":"2018-12-06T08:56:48","guid":{"rendered":"https:\/\/www.ad-industries.fr\/secteurs-dactivite\/"},"modified":"2025-04-03T12:52:18","modified_gmt":"2025-04-03T12:52:18","slug":"secteurs-dactivite","status":"publish","type":"page","link":"https:\/\/www.ad-industries.fr\/en\/secteurs-dactivite\/","title":{"rendered":"Sectors of activity"},"content":{"rendered":"     <div class=\"row\">\n                <div class=\"col-xs-12 col-md-4\">\n            <div class=\"entry-media\">\n              <img decoding=\"async\" width=\"570\" height=\"380\" data-src=\"https:\/\/www.ad-industries.fr\/content\/uploads\/2019\/06\/01-engineering-divisions-ad-industries.png\" class=\"attachment-1170x380 size-1170x380 lazyload\" alt=\"\" data-srcset=\"https:\/\/www.ad-industries.fr\/content\/uploads\/2019\/06\/01-engineering-divisions-ad-industries.png 1140w, https:\/\/www.ad-industries.fr\/content\/uploads\/2019\/06\/01-engineering-divisions-ad-industries-300x200.png 300w, https:\/\/www.ad-industries.fr\/content\/uploads\/2019\/06\/01-engineering-divisions-ad-industries-768x512.png 768w, https:\/\/www.ad-industries.fr\/content\/uploads\/2019\/06\/01-engineering-divisions-ad-industries-1024x683.png 1024w\" data-sizes=\"(max-width: 570px) 100vw, 570px\" src=\"data:image\/svg+xml;base64,PHN2ZyB3aWR0aD0iMSIgaGVpZ2h0PSIxIiB4bWxucz0iaHR0cDovL3d3dy53My5vcmcvMjAwMC9zdmciPjwvc3ZnPg==\" style=\"--smush-placeholder-width: 570px; --smush-placeholder-aspect-ratio: 570\/380;\" \/>            <\/div>\n\n            <div class=\"entry-title\">\n            <h3><a href=\"https:\/\/www.ad-industries.fr\/en\/secteur\/aerospace-en\/\">Aerospace<\/a><\/h3>\n            <\/div>\n            <div class=\"entry-details\">\n                <p><\/a><\/p>\n                <a href=\"https:\/\/www.ad-industries.fr\/en\/secteur\/aerospace-en\/\" class=\"read-more theme-btn\">More<\/a>\n            <\/div>\n        <\/div>                            <!-- blog post item -->\n\n                <div class=\"col-xs-12 col-md-4\">\n            <div class=\"entry-media\">\n              <img decoding=\"async\" width=\"570\" height=\"380\" data-src=\"https:\/\/www.ad-industries.fr\/content\/uploads\/2019\/07\/ad-industries-secteurs-activite-introductuion-defense.jpg\" class=\"attachment-1170x380 size-1170x380 lazyload\" alt=\"\" data-srcset=\"https:\/\/www.ad-industries.fr\/content\/uploads\/2019\/07\/ad-industries-secteurs-activite-introductuion-defense.jpg 1024w, https:\/\/www.ad-industries.fr\/content\/uploads\/2019\/07\/ad-industries-secteurs-activite-introductuion-defense-300x200.jpg 300w, https:\/\/www.ad-industries.fr\/content\/uploads\/2019\/07\/ad-industries-secteurs-activite-introductuion-defense-768x512.jpg 768w\" data-sizes=\"(max-width: 570px) 100vw, 570px\" src=\"data:image\/svg+xml;base64,PHN2ZyB3aWR0aD0iMSIgaGVpZ2h0PSIxIiB4bWxucz0iaHR0cDovL3d3dy53My5vcmcvMjAwMC9zdmciPjwvc3ZnPg==\" style=\"--smush-placeholder-width: 570px; --smush-placeholder-aspect-ratio: 570\/380;\" \/>            <\/div>\n\n            <div class=\"entry-title\">\n            <h3><a href=\"https:\/\/www.ad-industries.fr\/en\/secteur\/defense-en\/\">Defense<\/a><\/h3>\n            <\/div>\n            <div class=\"entry-details\">\n                <p><\/a><\/p>\n                <a href=\"https:\/\/www.ad-industries.fr\/en\/secteur\/defense-en\/\" class=\"read-more theme-btn\">More<\/a>\n            <\/div>\n        <\/div>                            <!-- blog post item -->\n\n                <div class=\"col-xs-12 col-md-4\">\n            <div class=\"entry-media\">\n              <img decoding=\"async\" width=\"1170\" height=\"380\" data-src=\"https:\/\/www.ad-industries.fr\/content\/uploads\/2022\/04\/IMG_EXM-1170x380.jpg\" class=\"attachment-1170x380 size-1170x380 lazyload\" alt=\"\" src=\"data:image\/svg+xml;base64,PHN2ZyB3aWR0aD0iMSIgaGVpZ2h0PSIxIiB4bWxucz0iaHR0cDovL3d3dy53My5vcmcvMjAwMC9zdmciPjwvc3ZnPg==\" style=\"--smush-placeholder-width: 1170px; --smush-placeholder-aspect-ratio: 1170\/380;\" \/>            <\/div>\n\n            <div class=\"entry-title\">\n            <h3><a href=\"https:\/\/www.ad-industries.fr\/en\/secteur\/industrial-business-en\/\">Industrial Business<\/a><\/h3>\n            <\/div>\n            <div class=\"entry-details\">\n                <p><\/a><\/p>\n                <a href=\"https:\/\/www.ad-industries.fr\/en\/secteur\/industrial-business-en\/\" class=\"read-more theme-btn\">More<\/a>\n            <\/div>\n        <\/div>                            <!-- blog post item -->\n\n        <\/div>\n        \n","protected":false},"excerpt":{"rendered":"Aerospace More Defense More Industrial Business More","protected":false},"author":1,"featured_media":0,"parent":0,"menu_order":0,"comment_status":"closed","ping_status":"closed","template":"","meta":{"_acf_changed":false,"footnotes":""},"class_list":["post-2572","page","type-page","status-publish","hentry"],"acf":[],"yoast_head":"<!-- This site is optimized with the Yoast SEO plugin v27.3 - https:\/\/yoast.com\/product\/yoast-seo-wordpress\/ -->\n<title>Sectors of activity - Motherson Aerospace<\/title>\n<meta name=\"robots\" content=\"index, follow, max-snippet:-1, max-image-preview:large, max-video-preview:-1\" \/>\n<link rel=\"canonical\" href=\"https:\/\/www.ad-industries.fr\/en\/secteurs-dactivite\/\" \/>\n<meta property=\"og:locale\" content=\"en_US\" \/>\n<meta property=\"og:type\" content=\"article\" \/>\n<meta property=\"og:title\" content=\"Sectors of activity - Motherson Aerospace\" \/>\n<meta property=\"og:url\" content=\"https:\/\/www.ad-industries.fr\/en\/secteurs-dactivite\/\" \/>\n<meta property=\"og:site_name\" content=\"Motherson Aerospace\" \/>\n<meta property=\"article:modified_time\" content=\"2025-04-03T12:52:18+00:00\" \/>\n<meta name=\"twitter:card\" content=\"summary_large_image\" \/>\n<meta name=\"twitter:label1\" content=\"Est. reading time\" \/>\n\t<meta name=\"twitter:data1\" content=\"1 minute\" \/>\n<script type=\"application\/ld+json\" class=\"yoast-schema-graph\">{\"@context\":\"https:\\\/\\\/schema.org\",\"@graph\":[{\"@type\":\"WebPage\",\"@id\":\"https:\\\/\\\/www.ad-industries.fr\\\/en\\\/secteurs-dactivite\\\/\",\"url\":\"https:\\\/\\\/www.ad-industries.fr\\\/en\\\/secteurs-dactivite\\\/\",\"name\":\"Sectors of activity - Motherson Aerospace\",\"isPartOf\":{\"@id\":\"https:\\\/\\\/www.ad-industries.fr\\\/#website\"},\"datePublished\":\"2018-12-06T08:56:48+00:00\",\"dateModified\":\"2025-04-03T12:52:18+00:00\",\"breadcrumb\":{\"@id\":\"https:\\\/\\\/www.ad-industries.fr\\\/en\\\/secteurs-dactivite\\\/#breadcrumb\"},\"inLanguage\":\"en-US\",\"potentialAction\":[{\"@type\":\"ReadAction\",\"target\":[\"https:\\\/\\\/www.ad-industries.fr\\\/en\\\/secteurs-dactivite\\\/\"]}]},{\"@type\":\"BreadcrumbList\",\"@id\":\"https:\\\/\\\/www.ad-industries.fr\\\/en\\\/secteurs-dactivite\\\/#breadcrumb\",\"itemListElement\":[{\"@type\":\"ListItem\",\"position\":1,\"name\":\"Accueil\",\"item\":\"https:\\\/\\\/www.ad-industries.fr\\\/en\\\/\"},{\"@type\":\"ListItem\",\"position\":2,\"name\":\"Sectors of activity\"}]},{\"@type\":\"WebSite\",\"@id\":\"https:\\\/\\\/www.ad-industries.fr\\\/#website\",\"url\":\"https:\\\/\\\/www.ad-industries.fr\\\/\",\"name\":\"Motherson Aerospace\",\"description\":\"Motherson Aerospace est un groupe industriel sp\u00e9cialis\u00e9 en ing\u00e9nierie m\u00e9canique, hydraulique et compsosite, fort de ses 14 sites de productions sp\u00e9cifiques et compl\u00e9mentaire.\",\"publisher\":{\"@id\":\"https:\\\/\\\/www.ad-industries.fr\\\/#organization\"},\"potentialAction\":[{\"@type\":\"SearchAction\",\"target\":{\"@type\":\"EntryPoint\",\"urlTemplate\":\"https:\\\/\\\/www.ad-industries.fr\\\/?s={search_term_string}\"},\"query-input\":{\"@type\":\"PropertyValueSpecification\",\"valueRequired\":true,\"valueName\":\"search_term_string\"}}],\"inLanguage\":\"en-US\"},{\"@type\":\"Organization\",\"@id\":\"https:\\\/\\\/www.ad-industries.fr\\\/#organization\",\"name\":\"AD Industries : Ing\u00e9nierie m\u00e9canique, Hydraulique & Composite\",\"url\":\"https:\\\/\\\/www.ad-industries.fr\\\/\",\"logo\":{\"@type\":\"ImageObject\",\"inLanguage\":\"en-US\",\"@id\":\"https:\\\/\\\/www.ad-industries.fr\\\/#\\\/schema\\\/logo\\\/image\\\/\",\"url\":\"https:\\\/\\\/www.ad-industries.fr\\\/content\\\/uploads\\\/2018\\\/10\\\/logo-ad-industries.png\",\"contentUrl\":\"https:\\\/\\\/www.ad-industries.fr\\\/content\\\/uploads\\\/2018\\\/10\\\/logo-ad-industries.png\",\"width\":350,\"height\":61,\"caption\":\"AD Industries : Ing\u00e9nierie m\u00e9canique, Hydraulique & Composite\"},\"image\":{\"@id\":\"https:\\\/\\\/www.ad-industries.fr\\\/#\\\/schema\\\/logo\\\/image\\\/\"},\"sameAs\":[\"https:\\\/\\\/www.linkedin.com\\\/company\\\/11211785\\\/admin\\\/\"]}]}<\/script>\n<!-- \/ Yoast SEO plugin. -->","yoast_head_json":{"title":"Sectors of activity - Motherson Aerospace","robots":{"index":"index","follow":"follow","max-snippet":"max-snippet:-1","max-image-preview":"max-image-preview:large","max-video-preview":"max-video-preview:-1"},"canonical":"https:\/\/www.ad-industries.fr\/en\/secteurs-dactivite\/","og_locale":"en_US","og_type":"article","og_title":"Sectors of activity - Motherson Aerospace","og_url":"https:\/\/www.ad-industries.fr\/en\/secteurs-dactivite\/","og_site_name":"Motherson Aerospace","article_modified_time":"2025-04-03T12:52:18+00:00","twitter_card":"summary_large_image","twitter_misc":{"Est. reading time":"1 minute"},"schema":{"@context":"https:\/\/schema.org","@graph":[{"@type":"WebPage","@id":"https:\/\/www.ad-industries.fr\/en\/secteurs-dactivite\/","url":"https:\/\/www.ad-industries.fr\/en\/secteurs-dactivite\/","name":"Sectors of activity - Motherson Aerospace","isPartOf":{"@id":"https:\/\/www.ad-industries.fr\/#website"},"datePublished":"2018-12-06T08:56:48+00:00","dateModified":"2025-04-03T12:52:18+00:00","breadcrumb":{"@id":"https:\/\/www.ad-industries.fr\/en\/secteurs-dactivite\/#breadcrumb"},"inLanguage":"en-US","potentialAction":[{"@type":"ReadAction","target":["https:\/\/www.ad-industries.fr\/en\/secteurs-dactivite\/"]}]},{"@type":"BreadcrumbList","@id":"https:\/\/www.ad-industries.fr\/en\/secteurs-dactivite\/#breadcrumb","itemListElement":[{"@type":"ListItem","position":1,"name":"Accueil","item":"https:\/\/www.ad-industries.fr\/en\/"},{"@type":"ListItem","position":2,"name":"Sectors of activity"}]},{"@type":"WebSite","@id":"https:\/\/www.ad-industries.fr\/#website","url":"https:\/\/www.ad-industries.fr\/","name":"Motherson Aerospace","description":"Motherson Aerospace est un groupe industriel sp\u00e9cialis\u00e9 en ing\u00e9nierie m\u00e9canique, hydraulique et compsosite, fort de ses 14 sites de productions sp\u00e9cifiques et compl\u00e9mentaire.","publisher":{"@id":"https:\/\/www.ad-industries.fr\/#organization"},"potentialAction":[{"@type":"SearchAction","target":{"@type":"EntryPoint","urlTemplate":"https:\/\/www.ad-industries.fr\/?s={search_term_string}"},"query-input":{"@type":"PropertyValueSpecification","valueRequired":true,"valueName":"search_term_string"}}],"inLanguage":"en-US"},{"@type":"Organization","@id":"https:\/\/www.ad-industries.fr\/#organization","name":"AD Industries : Ing\u00e9nierie m\u00e9canique, Hydraulique & Composite","url":"https:\/\/www.ad-industries.fr\/","logo":{"@type":"ImageObject","inLanguage":"en-US","@id":"https:\/\/www.ad-industries.fr\/#\/schema\/logo\/image\/","url":"https:\/\/www.ad-industries.fr\/content\/uploads\/2018\/10\/logo-ad-industries.png","contentUrl":"https:\/\/www.ad-industries.fr\/content\/uploads\/2018\/10\/logo-ad-industries.png","width":350,"height":61,"caption":"AD Industries : Ing\u00e9nierie m\u00e9canique, Hydraulique & Composite"},"image":{"@id":"https:\/\/www.ad-industries.fr\/#\/schema\/logo\/image\/"},"sameAs":["https:\/\/www.linkedin.com\/company\/11211785\/admin\/"]}]}},"_links":{"self":[{"href":"https:\/\/www.ad-industries.fr\/en\/wp-json\/wp\/v2\/pages\/2572","targetHints":{"allow":["GET"]}}],"collection":[{"href":"https:\/\/www.ad-industries.fr\/en\/wp-json\/wp\/v2\/pages"}],"about":[{"href":"https:\/\/www.ad-industries.fr\/en\/wp-json\/wp\/v2\/types\/page"}],"author":[{"embeddable":true,"href":"https:\/\/www.ad-industries.fr\/en\/wp-json\/wp\/v2\/users\/1"}],"replies":[{"embeddable":true,"href":"https:\/\/www.ad-industries.fr\/en\/wp-json\/wp\/v2\/comments?post=2572"}],"version-history":[{"count":1,"href":"https:\/\/www.ad-industries.fr\/en\/wp-json\/wp\/v2\/pages\/2572\/revisions"}],"predecessor-version":[{"id":2574,"href":"https:\/\/www.ad-industries.fr\/en\/wp-json\/wp\/v2\/pages\/2572\/revisions\/2574"}],"wp:attachment":[{"href":"https:\/\/www.ad-industries.fr\/en\/wp-json\/wp\/v2\/media?parent=2572"}],"curies":[{"name":"wp","href":"https:\/\/api.w.org\/{rel}","templated":true}]}}