{"id":2556,"date":"2019-03-25T15:59:58","date_gmt":"2019-03-25T15:59:58","guid":{"rendered":"https:\/\/www.ad-industries.fr\/entites-ad-industries\/"},"modified":"2025-04-03T12:49:31","modified_gmt":"2025-04-03T12:49:31","slug":"entites-ad-industries","status":"publish","type":"page","link":"https:\/\/www.ad-industries.fr\/en\/entites-ad-industries\/","title":{"rendered":"Entities"},"content":{"rendered":"<p>Motherson Aerospace is an industrial group specialized in mechanical, hydraulic and composite engineering, with 11 specialized and complementary production sites.<\/p>\n    \n    <div class=\"row\">\n        <div class=\"col-md-7\">\n            <div id=\"entities_map\">Chargement de la carte...<\/div>\n        <\/div>\n        <div class=\"col-md-5\">\n            \n\n        <ul class=\"list-group entities-list\">\n                            <li id=\"list-0\" data-id=\"0\" class=\"list-group-item list-group-item-action flex-column align-items-start \">\n                <small class=\"pull-right\">France<\/small>\n                    <h5>\n                    Motherson Aerospace Hydraulics                    <\/h5>\n                    <!--<p><\/p>-->\n                    \n                <\/li>\n                            <li id=\"list-1\" data-id=\"1\" class=\"list-group-item list-group-item-action flex-column align-items-start \">\n                <small class=\"pull-right\">France<\/small>\n                    <h5>\n                    Motherson Aerospace Tubes                    <\/h5>\n                    <!--<p><\/p>-->\n                    \n                <\/li>\n                            <li id=\"list-2\" data-id=\"2\" class=\"list-group-item list-group-item-action flex-column align-items-start \">\n                <small class=\"pull-right\">France<\/small>\n                    <h5>\n                    Motherson Aerospace Machining                    <\/h5>\n                    <!--<p><\/p>-->\n                    \n                <\/li>\n                            <li id=\"list-3\" data-id=\"3\" class=\"list-group-item list-group-item-action flex-column align-items-start \">\n                <small class=\"pull-right\">France<\/small>\n                    <h5>\n                    Motherson Aerospace Mechanical Assemblies (La Chassagne)                    <\/h5>\n                    <!--<p><\/p>-->\n                    \n                <\/li>\n                            <li id=\"list-4\" data-id=\"4\" class=\"list-group-item list-group-item-action flex-column align-items-start \">\n                <small class=\"pull-right\">Maroc<\/small>\n                    <h5>\n                    Motherson Aerospace Mechanical Assemblies Casablanca                    <\/h5>\n                    <!--<p><\/p>-->\n                    \n                <\/li>\n                            <li id=\"list-5\" data-id=\"5\" class=\"list-group-item list-group-item-action flex-column align-items-start \">\n                <small class=\"pull-right\">Tunisie<\/small>\n                    <h5>\n                    Motherson Aerospace Mechanical Assemblies Tunis                    <\/h5>\n                    <!--<p><\/p>-->\n                    \n                <\/li>\n                            <li id=\"list-6\" data-id=\"6\" class=\"list-group-item list-group-item-action flex-column align-items-start \">\n                <small class=\"pull-right\">France<\/small>\n                    <h5>\n                    Motherson Aerospace Composites                    <\/h5>\n                    <!--<p><\/p>-->\n                    \n                <\/li>\n                            <li id=\"list-7\" data-id=\"7\" class=\"list-group-item list-group-item-action flex-column align-items-start \">\n                <small class=\"pull-right\">Maroc<\/small>\n                    <h5>\n                    Motherson Aerospace Composites Tangier                    <\/h5>\n                    <!--<p><\/p>-->\n                    \n                <\/li>\n                            <li id=\"list-8\" data-id=\"8\" class=\"list-group-item list-group-item-action flex-column align-items-start \">\n                <small class=\"pull-right\">France<\/small>\n                    <h5>\n                    Motherson Aerospace Sheet Metal                    <\/h5>\n                    <!--<p><\/p>-->\n                    \n                <\/li>\n                            <li id=\"list-9\" data-id=\"9\" class=\"list-group-item list-group-item-action flex-column align-items-start \">\n                <small class=\"pull-right\">France<\/small>\n                    <h5>\n                    Motherson Aerospace Exameca Mesure                    <\/h5>\n                    <!--<p><\/p>-->\n                    \n                <\/li>\n                            <li id=\"list-10\" data-id=\"10\" class=\"list-group-item list-group-item-action flex-column align-items-start \">\n                <small class=\"pull-right\">France<\/small>\n                    <h5>\n                    Motherson Aerospace Medical Composites                    <\/h5>\n                    <!--<p><\/p>-->\n                    \n                <\/li>\n                    <\/ul>\n\n        <\/div>\n    <\/div>\n        \n","protected":false},"excerpt":{"rendered":"<p>Motherson Aerospace is an industrial group specialized in mechanical, hydraulic and composite engineering, with 11 specialized and complementary production sites.<\/p>\n","protected":false},"author":1,"featured_media":2384,"parent":0,"menu_order":0,"comment_status":"closed","ping_status":"closed","template":"","meta":{"_acf_changed":false,"footnotes":""},"class_list":["post-2556","page","type-page","status-publish","has-post-thumbnail","hentry"],"acf":[],"yoast_head":"<!-- This site is optimized with the Yoast SEO plugin v27.5 - https:\/\/yoast.com\/product\/yoast-seo-wordpress\/ -->\n<title>Entities - Motherson Aerospace<\/title>\n<meta name=\"robots\" content=\"index, follow, max-snippet:-1, max-image-preview:large, max-video-preview:-1\" \/>\n<link rel=\"canonical\" href=\"https:\/\/www.ad-industries.fr\/en\/entites-ad-industries\/\" \/>\n<meta property=\"og:locale\" content=\"en_US\" \/>\n<meta property=\"og:type\" content=\"article\" \/>\n<meta property=\"og:title\" content=\"Entities - Motherson Aerospace\" \/>\n<meta property=\"og:description\" content=\"Motherson Aerospace is an industrial group specialized in mechanical, hydraulic and composite engineering, with 11 specialized and complementary production sites.\" \/>\n<meta property=\"og:url\" content=\"https:\/\/www.ad-industries.fr\/en\/entites-ad-industries\/\" \/>\n<meta property=\"og:site_name\" content=\"Motherson Aerospace\" \/>\n<meta property=\"article:modified_time\" content=\"2025-04-03T12:49:31+00:00\" \/>\n<meta property=\"og:image\" content=\"https:\/\/www.ad-industries.fr\/content\/uploads\/2019\/06\/ADI-MAP-salle-de-reunion.jpg\" \/>\n\t<meta property=\"og:image:width\" content=\"1540\" \/>\n\t<meta property=\"og:image:height\" content=\"1200\" \/>\n\t<meta property=\"og:image:type\" content=\"image\/jpeg\" \/>\n<meta name=\"twitter:card\" content=\"summary_large_image\" \/>\n<meta name=\"twitter:label1\" content=\"Est. reading time\" \/>\n\t<meta name=\"twitter:data1\" content=\"1 minute\" \/>\n<script type=\"application\/ld+json\" class=\"yoast-schema-graph\">{\"@context\":\"https:\\\/\\\/schema.org\",\"@graph\":[{\"@type\":\"WebPage\",\"@id\":\"https:\\\/\\\/www.ad-industries.fr\\\/en\\\/entites-ad-industries\\\/\",\"url\":\"https:\\\/\\\/www.ad-industries.fr\\\/en\\\/entites-ad-industries\\\/\",\"name\":\"Entities - Motherson Aerospace\",\"isPartOf\":{\"@id\":\"https:\\\/\\\/www.ad-industries.fr\\\/#website\"},\"primaryImageOfPage\":{\"@id\":\"https:\\\/\\\/www.ad-industries.fr\\\/en\\\/entites-ad-industries\\\/#primaryimage\"},\"image\":{\"@id\":\"https:\\\/\\\/www.ad-industries.fr\\\/en\\\/entites-ad-industries\\\/#primaryimage\"},\"thumbnailUrl\":\"https:\\\/\\\/www.ad-industries.fr\\\/content\\\/uploads\\\/2019\\\/06\\\/ADI-MAP-salle-de-reunion.jpg\",\"datePublished\":\"2019-03-25T15:59:58+00:00\",\"dateModified\":\"2025-04-03T12:49:31+00:00\",\"breadcrumb\":{\"@id\":\"https:\\\/\\\/www.ad-industries.fr\\\/en\\\/entites-ad-industries\\\/#breadcrumb\"},\"inLanguage\":\"en-US\",\"potentialAction\":[{\"@type\":\"ReadAction\",\"target\":[\"https:\\\/\\\/www.ad-industries.fr\\\/en\\\/entites-ad-industries\\\/\"]}]},{\"@type\":\"ImageObject\",\"inLanguage\":\"en-US\",\"@id\":\"https:\\\/\\\/www.ad-industries.fr\\\/en\\\/entites-ad-industries\\\/#primaryimage\",\"url\":\"https:\\\/\\\/www.ad-industries.fr\\\/content\\\/uploads\\\/2019\\\/06\\\/ADI-MAP-salle-de-reunion.jpg\",\"contentUrl\":\"https:\\\/\\\/www.ad-industries.fr\\\/content\\\/uploads\\\/2019\\\/06\\\/ADI-MAP-salle-de-reunion.jpg\",\"width\":1540,\"height\":1200},{\"@type\":\"BreadcrumbList\",\"@id\":\"https:\\\/\\\/www.ad-industries.fr\\\/en\\\/entites-ad-industries\\\/#breadcrumb\",\"itemListElement\":[{\"@type\":\"ListItem\",\"position\":1,\"name\":\"Accueil\",\"item\":\"https:\\\/\\\/www.ad-industries.fr\\\/en\\\/\"},{\"@type\":\"ListItem\",\"position\":2,\"name\":\"Entities\"}]},{\"@type\":\"WebSite\",\"@id\":\"https:\\\/\\\/www.ad-industries.fr\\\/#website\",\"url\":\"https:\\\/\\\/www.ad-industries.fr\\\/\",\"name\":\"Motherson Aerospace\",\"description\":\"Motherson Aerospace est un groupe industriel sp\u00e9cialis\u00e9 en ing\u00e9nierie m\u00e9canique, hydraulique et compsosite, fort de ses 14 sites de productions sp\u00e9cifiques et compl\u00e9mentaire.\",\"publisher\":{\"@id\":\"https:\\\/\\\/www.ad-industries.fr\\\/#organization\"},\"potentialAction\":[{\"@type\":\"SearchAction\",\"target\":{\"@type\":\"EntryPoint\",\"urlTemplate\":\"https:\\\/\\\/www.ad-industries.fr\\\/?s={search_term_string}\"},\"query-input\":{\"@type\":\"PropertyValueSpecification\",\"valueRequired\":true,\"valueName\":\"search_term_string\"}}],\"inLanguage\":\"en-US\"},{\"@type\":\"Organization\",\"@id\":\"https:\\\/\\\/www.ad-industries.fr\\\/#organization\",\"name\":\"AD Industries : Ing\u00e9nierie m\u00e9canique, Hydraulique & Composite\",\"url\":\"https:\\\/\\\/www.ad-industries.fr\\\/\",\"logo\":{\"@type\":\"ImageObject\",\"inLanguage\":\"en-US\",\"@id\":\"https:\\\/\\\/www.ad-industries.fr\\\/#\\\/schema\\\/logo\\\/image\\\/\",\"url\":\"https:\\\/\\\/www.ad-industries.fr\\\/content\\\/uploads\\\/2018\\\/10\\\/logo-ad-industries.png\",\"contentUrl\":\"https:\\\/\\\/www.ad-industries.fr\\\/content\\\/uploads\\\/2018\\\/10\\\/logo-ad-industries.png\",\"width\":350,\"height\":61,\"caption\":\"AD Industries : Ing\u00e9nierie m\u00e9canique, Hydraulique & Composite\"},\"image\":{\"@id\":\"https:\\\/\\\/www.ad-industries.fr\\\/#\\\/schema\\\/logo\\\/image\\\/\"},\"sameAs\":[\"https:\\\/\\\/www.linkedin.com\\\/company\\\/11211785\\\/admin\\\/\"]}]}<\/script>\n<!-- \/ Yoast SEO plugin. -->","yoast_head_json":{"title":"Entities - Motherson Aerospace","robots":{"index":"index","follow":"follow","max-snippet":"max-snippet:-1","max-image-preview":"max-image-preview:large","max-video-preview":"max-video-preview:-1"},"canonical":"https:\/\/www.ad-industries.fr\/en\/entites-ad-industries\/","og_locale":"en_US","og_type":"article","og_title":"Entities - Motherson Aerospace","og_description":"Motherson Aerospace is an industrial group specialized in mechanical, hydraulic and composite engineering, with 11 specialized and complementary production sites.","og_url":"https:\/\/www.ad-industries.fr\/en\/entites-ad-industries\/","og_site_name":"Motherson Aerospace","article_modified_time":"2025-04-03T12:49:31+00:00","og_image":[{"width":1540,"height":1200,"url":"https:\/\/www.ad-industries.fr\/content\/uploads\/2019\/06\/ADI-MAP-salle-de-reunion.jpg","type":"image\/jpeg"}],"twitter_card":"summary_large_image","twitter_misc":{"Est. reading time":"1 minute"},"schema":{"@context":"https:\/\/schema.org","@graph":[{"@type":"WebPage","@id":"https:\/\/www.ad-industries.fr\/en\/entites-ad-industries\/","url":"https:\/\/www.ad-industries.fr\/en\/entites-ad-industries\/","name":"Entities - Motherson Aerospace","isPartOf":{"@id":"https:\/\/www.ad-industries.fr\/#website"},"primaryImageOfPage":{"@id":"https:\/\/www.ad-industries.fr\/en\/entites-ad-industries\/#primaryimage"},"image":{"@id":"https:\/\/www.ad-industries.fr\/en\/entites-ad-industries\/#primaryimage"},"thumbnailUrl":"https:\/\/www.ad-industries.fr\/content\/uploads\/2019\/06\/ADI-MAP-salle-de-reunion.jpg","datePublished":"2019-03-25T15:59:58+00:00","dateModified":"2025-04-03T12:49:31+00:00","breadcrumb":{"@id":"https:\/\/www.ad-industries.fr\/en\/entites-ad-industries\/#breadcrumb"},"inLanguage":"en-US","potentialAction":[{"@type":"ReadAction","target":["https:\/\/www.ad-industries.fr\/en\/entites-ad-industries\/"]}]},{"@type":"ImageObject","inLanguage":"en-US","@id":"https:\/\/www.ad-industries.fr\/en\/entites-ad-industries\/#primaryimage","url":"https:\/\/www.ad-industries.fr\/content\/uploads\/2019\/06\/ADI-MAP-salle-de-reunion.jpg","contentUrl":"https:\/\/www.ad-industries.fr\/content\/uploads\/2019\/06\/ADI-MAP-salle-de-reunion.jpg","width":1540,"height":1200},{"@type":"BreadcrumbList","@id":"https:\/\/www.ad-industries.fr\/en\/entites-ad-industries\/#breadcrumb","itemListElement":[{"@type":"ListItem","position":1,"name":"Accueil","item":"https:\/\/www.ad-industries.fr\/en\/"},{"@type":"ListItem","position":2,"name":"Entities"}]},{"@type":"WebSite","@id":"https:\/\/www.ad-industries.fr\/#website","url":"https:\/\/www.ad-industries.fr\/","name":"Motherson Aerospace","description":"Motherson Aerospace est un groupe industriel sp\u00e9cialis\u00e9 en ing\u00e9nierie m\u00e9canique, hydraulique et compsosite, fort de ses 14 sites de productions sp\u00e9cifiques et compl\u00e9mentaire.","publisher":{"@id":"https:\/\/www.ad-industries.fr\/#organization"},"potentialAction":[{"@type":"SearchAction","target":{"@type":"EntryPoint","urlTemplate":"https:\/\/www.ad-industries.fr\/?s={search_term_string}"},"query-input":{"@type":"PropertyValueSpecification","valueRequired":true,"valueName":"search_term_string"}}],"inLanguage":"en-US"},{"@type":"Organization","@id":"https:\/\/www.ad-industries.fr\/#organization","name":"AD Industries : Ing\u00e9nierie m\u00e9canique, Hydraulique & Composite","url":"https:\/\/www.ad-industries.fr\/","logo":{"@type":"ImageObject","inLanguage":"en-US","@id":"https:\/\/www.ad-industries.fr\/#\/schema\/logo\/image\/","url":"https:\/\/www.ad-industries.fr\/content\/uploads\/2018\/10\/logo-ad-industries.png","contentUrl":"https:\/\/www.ad-industries.fr\/content\/uploads\/2018\/10\/logo-ad-industries.png","width":350,"height":61,"caption":"AD Industries : Ing\u00e9nierie m\u00e9canique, Hydraulique & Composite"},"image":{"@id":"https:\/\/www.ad-industries.fr\/#\/schema\/logo\/image\/"},"sameAs":["https:\/\/www.linkedin.com\/company\/11211785\/admin\/"]}]}},"_links":{"self":[{"href":"https:\/\/www.ad-industries.fr\/en\/wp-json\/wp\/v2\/pages\/2556","targetHints":{"allow":["GET"]}}],"collection":[{"href":"https:\/\/www.ad-industries.fr\/en\/wp-json\/wp\/v2\/pages"}],"about":[{"href":"https:\/\/www.ad-industries.fr\/en\/wp-json\/wp\/v2\/types\/page"}],"author":[{"embeddable":true,"href":"https:\/\/www.ad-industries.fr\/en\/wp-json\/wp\/v2\/users\/1"}],"replies":[{"embeddable":true,"href":"https:\/\/www.ad-industries.fr\/en\/wp-json\/wp\/v2\/comments?post=2556"}],"version-history":[{"count":10,"href":"https:\/\/www.ad-industries.fr\/en\/wp-json\/wp\/v2\/pages\/2556\/revisions"}],"predecessor-version":[{"id":4250,"href":"https:\/\/www.ad-industries.fr\/en\/wp-json\/wp\/v2\/pages\/2556\/revisions\/4250"}],"wp:featuredmedia":[{"embeddable":true,"href":"https:\/\/www.ad-industries.fr\/en\/wp-json\/wp\/v2\/media\/2384"}],"wp:attachment":[{"href":"https:\/\/www.ad-industries.fr\/en\/wp-json\/wp\/v2\/media?parent=2556"}],"curies":[{"name":"wp","href":"https:\/\/api.w.org\/{rel}","templated":true}]}}