{"id":2526,"date":"2019-05-28T11:06:34","date_gmt":"2019-05-28T11:06:34","guid":{"rendered":"https:\/\/www.ad-industries.fr\/divisions\/division-sheet-metal\/"},"modified":"2025-04-03T13:07:30","modified_gmt":"2025-04-03T13:07:30","slug":"sheet-metal-division","status":"publish","type":"page","link":"https:\/\/www.ad-industries.fr\/en\/divisions\/sheet-metal-division\/","title":{"rendered":"Sheet Metal Division"},"content":{"rendered":"<div class=\"wpb-content-wrapper\"><p>[vc_row][vc_column width=&#8221;1\/2&#8243;][vc_empty_space height=&#8221;70px&#8221;][vc_column_text]The Motherson Aerospace Group&#8217;s sheet metal expertise is based on the experience of the production site:<\/p>\n<h5 style=\"text-align: left; padding-left: 30px;\"><a href=\"http:\/\/www.ad-industries.fr\/entity\/ad-industries-sheet-metal\/\"><strong>Motherson Aerospace Sheet Metal<\/strong><\/a><\/h5>\n<p>&nbsp;<\/p>\n<p>This expertise in sheet metal deformation is one of our areas of excellence thanks to our expertise in design and mechanical and thermal calculation.[\/vc_column_text][\/vc_column][vc_column width=&#8221;1\/2&#8243;][vc_column_text]<img decoding=\"async\" class=\"alignnone wp-image-1488 size-large lazyload\" data-src=\"https:\/\/www.ad-industries.fr\/content\/uploads\/2019\/06\/05-sheet-metal-divisions-ad-industries-1024x683.png\" alt=\"\" width=\"1024\" height=\"683\" data-srcset=\"https:\/\/www.ad-industries.fr\/content\/uploads\/2019\/06\/05-sheet-metal-divisions-ad-industries-1024x683.png 1024w, https:\/\/www.ad-industries.fr\/content\/uploads\/2019\/06\/05-sheet-metal-divisions-ad-industries-300x200.png 300w, https:\/\/www.ad-industries.fr\/content\/uploads\/2019\/06\/05-sheet-metal-divisions-ad-industries-768x512.png 768w, https:\/\/www.ad-industries.fr\/content\/uploads\/2019\/06\/05-sheet-metal-divisions-ad-industries.png 1140w\" data-sizes=\"(max-width: 1024px) 100vw, 1024px\" src=\"data:image\/svg+xml;base64,PHN2ZyB3aWR0aD0iMSIgaGVpZ2h0PSIxIiB4bWxucz0iaHR0cDovL3d3dy53My5vcmcvMjAwMC9zdmciPjwvc3ZnPg==\" style=\"--smush-placeholder-width: 1024px; --smush-placeholder-aspect-ratio: 1024\/683;\" \/>[\/vc_column_text][\/vc_column][\/vc_row][vc_row][vc_column][vc_empty_space][vc_column_text]<\/p>\n<div class=\"section-title-s3\">\n<blockquote>\n<h4>Our know-how in industrialization and our innovative automated means, such as multi-fiber laser drilling, enable us to develop parts and equipment in \u00ab co-engineering \u00bb projects with our customers and in \u00ab Built To Print \u00bb.<\/h4>\n<\/blockquote>\n<\/div>\n<p>[\/vc_column_text][vc_empty_space][\/vc_column][\/vc_row][vc_row][vc_column width=&#8221;1\/2&#8243;][vc_column_text]<strong>The Sheet Metal division produces complex and quality parts and assemblies, such as:<\/strong><\/p>\n<ul>\n<li>Mechanically welded tanks for engines.<\/li>\n<li>Cooling ramps.<\/li>\n<li>Degassing tubes.<\/li>\n<li>A turbojet combustion chamber.<\/li>\n<li>Nozzles for engine turbos.<\/li>\n<li>Complex structural subsets.<\/li>\n<li>Business aircraft landing gear doors.<\/li>\n<\/ul>\n<p>[\/vc_column_text][\/vc_column][vc_column width=&#8221;1\/2&#8243;][vc_column_text]<strong>With the implementation of the following processes:<\/strong><\/p>\n<ul>\n<li>Cutting of parts: laser cutting (2D and 3D), punching, water jet.<\/li>\n<li>Shaping of specific inconel materials, titanium: folding, stamping, hydroforming, SPF in partnership.<\/li>\n<li>Cleaning \/ stripping all types of materials: detergent or chemical before welding.<\/li>\n<li>Assembly: TIG, MIG, plasma welding, including robotic installations, spot welding, laser welding.<\/li>\n<li>The associated non-destructive tests: radiography and penetrant inspection.<\/li>\n<li>Specific heat treatment for aluminium alloys.<\/li>\n<li>Machining of flexible mechanically welded parts.<\/li>\n<li>Mounting using riveted joints.<\/li>\n<\/ul>\n<p>[\/vc_column_text][\/vc_column][\/vc_row][vc_row][vc_column][vc_column_text]These processes are used for a wide variety of materials: aluminium, stainless steel, inconel, titanium.[\/vc_column_text][\/vc_column][\/vc_row][vc_row][vc_column][vc_images_carousel images=&#8221;2337,2338,2340,2339,2341,2342&#8243; img_size=&#8221;1024&#215;683&#8243; onclick=&#8221;link_no&#8221; autoplay=&#8221;yes&#8221; wrap=&#8221;yes&#8221;][\/vc_column][\/vc_row]<\/p>\n<\/div>","protected":false},"excerpt":{"rendered":"<p>[vc_row][vc_column width=&#8221;1\/2&#8243;][vc_empty_space height=&#8221;70px&#8221;][vc_column_text]The Motherson Aerospace Group&#8217;s sheet metal expertise is based on the experience of the production site: Motherson Aerospace Sheet Metal &nbsp; This expertise in sheet metal deformation is one of our areas of excellence thanks to our expertise in design and mechanical and thermal calculation.[\/vc_column_text][\/vc_column][vc_column width=&#8221;1\/2&#8243;][vc_column_text][\/vc_column_text][\/vc_column][\/vc_row][vc_row][vc_column][vc_empty_space][vc_column_text] Our know-how in industrialization and our innovative<\/p>\n","protected":false},"author":3,"featured_media":2418,"parent":2500,"menu_order":0,"comment_status":"closed","ping_status":"closed","template":"","meta":{"_acf_changed":false,"footnotes":""},"class_list":["post-2526","page","type-page","status-publish","has-post-thumbnail","hentry"],"acf":[],"yoast_head":"<!-- This site is optimized with the Yoast SEO plugin v27.6 - https:\/\/yoast.com\/product\/yoast-seo-wordpress\/ -->\n<title>Sheet Metal Division - Motherson Aerospace<\/title>\n<meta name=\"robots\" content=\"index, follow, max-snippet:-1, max-image-preview:large, max-video-preview:-1\" \/>\n<link rel=\"canonical\" href=\"https:\/\/www.ad-industries.fr\/en\/divisions\/sheet-metal-division\/\" \/>\n<meta property=\"og:locale\" content=\"en_US\" \/>\n<meta property=\"og:type\" content=\"article\" \/>\n<meta property=\"og:title\" content=\"Sheet Metal Division - Motherson Aerospace\" \/>\n<meta property=\"og:description\" content=\"[vc_row][vc_column width=&#8221;1\/2&#8243;][vc_empty_space height=&#8221;70px&#8221;][vc_column_text]The Motherson Aerospace Group&#8217;s sheet metal expertise is based on the experience of the production site: Motherson Aerospace Sheet Metal &nbsp; This expertise in sheet metal deformation is one of our areas of excellence thanks to our expertise in design and mechanical and thermal calculation.[\/vc_column_text][\/vc_column][vc_column width=&#8221;1\/2&#8243;][vc_column_text][\/vc_column_text][\/vc_column][\/vc_row][vc_row][vc_column][vc_empty_space][vc_column_text] Our know-how in industrialization and our innovative\" \/>\n<meta property=\"og:url\" content=\"https:\/\/www.ad-industries.fr\/en\/divisions\/sheet-metal-division\/\" \/>\n<meta property=\"og:site_name\" content=\"Motherson Aerospace\" \/>\n<meta property=\"article:modified_time\" content=\"2025-04-03T13:07:30+00:00\" \/>\n<meta property=\"og:image\" content=\"https:\/\/www.ad-industries.fr\/content\/uploads\/2019\/06\/05-sheet-metal-divisions-ad-industries.png\" \/>\n\t<meta property=\"og:image:width\" content=\"1140\" \/>\n\t<meta property=\"og:image:height\" content=\"760\" \/>\n\t<meta property=\"og:image:type\" content=\"image\/png\" \/>\n<meta name=\"twitter:card\" content=\"summary_large_image\" \/>\n<meta name=\"twitter:label1\" content=\"Est. reading time\" \/>\n\t<meta name=\"twitter:data1\" content=\"2 minutes\" \/>\n<script type=\"application\/ld+json\" class=\"yoast-schema-graph\">{\"@context\":\"https:\\\/\\\/schema.org\",\"@graph\":[{\"@type\":\"WebPage\",\"@id\":\"https:\\\/\\\/www.ad-industries.fr\\\/en\\\/divisions\\\/sheet-metal-division\\\/\",\"url\":\"https:\\\/\\\/www.ad-industries.fr\\\/en\\\/divisions\\\/sheet-metal-division\\\/\",\"name\":\"Sheet Metal Division - Motherson Aerospace\",\"isPartOf\":{\"@id\":\"https:\\\/\\\/www.ad-industries.fr\\\/#website\"},\"primaryImageOfPage\":{\"@id\":\"https:\\\/\\\/www.ad-industries.fr\\\/en\\\/divisions\\\/sheet-metal-division\\\/#primaryimage\"},\"image\":{\"@id\":\"https:\\\/\\\/www.ad-industries.fr\\\/en\\\/divisions\\\/sheet-metal-division\\\/#primaryimage\"},\"thumbnailUrl\":\"https:\\\/\\\/www.ad-industries.fr\\\/content\\\/uploads\\\/2019\\\/06\\\/05-sheet-metal-divisions-ad-industries.png\",\"datePublished\":\"2019-05-28T11:06:34+00:00\",\"dateModified\":\"2025-04-03T13:07:30+00:00\",\"breadcrumb\":{\"@id\":\"https:\\\/\\\/www.ad-industries.fr\\\/en\\\/divisions\\\/sheet-metal-division\\\/#breadcrumb\"},\"inLanguage\":\"en-US\",\"potentialAction\":[{\"@type\":\"ReadAction\",\"target\":[\"https:\\\/\\\/www.ad-industries.fr\\\/en\\\/divisions\\\/sheet-metal-division\\\/\"]}]},{\"@type\":\"ImageObject\",\"inLanguage\":\"en-US\",\"@id\":\"https:\\\/\\\/www.ad-industries.fr\\\/en\\\/divisions\\\/sheet-metal-division\\\/#primaryimage\",\"url\":\"https:\\\/\\\/www.ad-industries.fr\\\/content\\\/uploads\\\/2019\\\/06\\\/05-sheet-metal-divisions-ad-industries.png\",\"contentUrl\":\"https:\\\/\\\/www.ad-industries.fr\\\/content\\\/uploads\\\/2019\\\/06\\\/05-sheet-metal-divisions-ad-industries.png\",\"width\":1140,\"height\":760},{\"@type\":\"BreadcrumbList\",\"@id\":\"https:\\\/\\\/www.ad-industries.fr\\\/en\\\/divisions\\\/sheet-metal-division\\\/#breadcrumb\",\"itemListElement\":[{\"@type\":\"ListItem\",\"position\":1,\"name\":\"Accueil\",\"item\":\"https:\\\/\\\/www.ad-industries.fr\\\/en\\\/\"},{\"@type\":\"ListItem\",\"position\":2,\"name\":\"Divisions\",\"item\":\"https:\\\/\\\/www.ad-industries.fr\\\/en\\\/divisions\\\/\"},{\"@type\":\"ListItem\",\"position\":3,\"name\":\"Sheet Metal Division\"}]},{\"@type\":\"WebSite\",\"@id\":\"https:\\\/\\\/www.ad-industries.fr\\\/#website\",\"url\":\"https:\\\/\\\/www.ad-industries.fr\\\/\",\"name\":\"Motherson Aerospace\",\"description\":\"Motherson Aerospace est un groupe industriel sp\u00e9cialis\u00e9 en ing\u00e9nierie m\u00e9canique, hydraulique et compsosite, fort de ses 14 sites de productions sp\u00e9cifiques et compl\u00e9mentaire.\",\"publisher\":{\"@id\":\"https:\\\/\\\/www.ad-industries.fr\\\/#organization\"},\"potentialAction\":[{\"@type\":\"SearchAction\",\"target\":{\"@type\":\"EntryPoint\",\"urlTemplate\":\"https:\\\/\\\/www.ad-industries.fr\\\/?s={search_term_string}\"},\"query-input\":{\"@type\":\"PropertyValueSpecification\",\"valueRequired\":true,\"valueName\":\"search_term_string\"}}],\"inLanguage\":\"en-US\"},{\"@type\":\"Organization\",\"@id\":\"https:\\\/\\\/www.ad-industries.fr\\\/#organization\",\"name\":\"AD Industries : Ing\u00e9nierie m\u00e9canique, Hydraulique & Composite\",\"url\":\"https:\\\/\\\/www.ad-industries.fr\\\/\",\"logo\":{\"@type\":\"ImageObject\",\"inLanguage\":\"en-US\",\"@id\":\"https:\\\/\\\/www.ad-industries.fr\\\/#\\\/schema\\\/logo\\\/image\\\/\",\"url\":\"https:\\\/\\\/www.ad-industries.fr\\\/content\\\/uploads\\\/2018\\\/10\\\/logo-ad-industries.png\",\"contentUrl\":\"https:\\\/\\\/www.ad-industries.fr\\\/content\\\/uploads\\\/2018\\\/10\\\/logo-ad-industries.png\",\"width\":350,\"height\":61,\"caption\":\"AD Industries : Ing\u00e9nierie m\u00e9canique, Hydraulique & Composite\"},\"image\":{\"@id\":\"https:\\\/\\\/www.ad-industries.fr\\\/#\\\/schema\\\/logo\\\/image\\\/\"},\"sameAs\":[\"https:\\\/\\\/www.linkedin.com\\\/company\\\/11211785\\\/admin\\\/\"]}]}<\/script>\n<!-- \/ Yoast SEO plugin. -->","yoast_head_json":{"title":"Sheet Metal Division - Motherson Aerospace","robots":{"index":"index","follow":"follow","max-snippet":"max-snippet:-1","max-image-preview":"max-image-preview:large","max-video-preview":"max-video-preview:-1"},"canonical":"https:\/\/www.ad-industries.fr\/en\/divisions\/sheet-metal-division\/","og_locale":"en_US","og_type":"article","og_title":"Sheet Metal Division - Motherson Aerospace","og_description":"[vc_row][vc_column width=&#8221;1\/2&#8243;][vc_empty_space height=&#8221;70px&#8221;][vc_column_text]The Motherson Aerospace Group&#8217;s sheet metal expertise is based on the experience of the production site: Motherson Aerospace Sheet Metal &nbsp; This expertise in sheet metal deformation is one of our areas of excellence thanks to our expertise in design and mechanical and thermal calculation.[\/vc_column_text][\/vc_column][vc_column width=&#8221;1\/2&#8243;][vc_column_text][\/vc_column_text][\/vc_column][\/vc_row][vc_row][vc_column][vc_empty_space][vc_column_text] Our know-how in industrialization and our innovative","og_url":"https:\/\/www.ad-industries.fr\/en\/divisions\/sheet-metal-division\/","og_site_name":"Motherson Aerospace","article_modified_time":"2025-04-03T13:07:30+00:00","og_image":[{"width":1140,"height":760,"url":"https:\/\/www.ad-industries.fr\/content\/uploads\/2019\/06\/05-sheet-metal-divisions-ad-industries.png","type":"image\/png"}],"twitter_card":"summary_large_image","twitter_misc":{"Est. reading time":"2 minutes"},"schema":{"@context":"https:\/\/schema.org","@graph":[{"@type":"WebPage","@id":"https:\/\/www.ad-industries.fr\/en\/divisions\/sheet-metal-division\/","url":"https:\/\/www.ad-industries.fr\/en\/divisions\/sheet-metal-division\/","name":"Sheet Metal Division - Motherson Aerospace","isPartOf":{"@id":"https:\/\/www.ad-industries.fr\/#website"},"primaryImageOfPage":{"@id":"https:\/\/www.ad-industries.fr\/en\/divisions\/sheet-metal-division\/#primaryimage"},"image":{"@id":"https:\/\/www.ad-industries.fr\/en\/divisions\/sheet-metal-division\/#primaryimage"},"thumbnailUrl":"https:\/\/www.ad-industries.fr\/content\/uploads\/2019\/06\/05-sheet-metal-divisions-ad-industries.png","datePublished":"2019-05-28T11:06:34+00:00","dateModified":"2025-04-03T13:07:30+00:00","breadcrumb":{"@id":"https:\/\/www.ad-industries.fr\/en\/divisions\/sheet-metal-division\/#breadcrumb"},"inLanguage":"en-US","potentialAction":[{"@type":"ReadAction","target":["https:\/\/www.ad-industries.fr\/en\/divisions\/sheet-metal-division\/"]}]},{"@type":"ImageObject","inLanguage":"en-US","@id":"https:\/\/www.ad-industries.fr\/en\/divisions\/sheet-metal-division\/#primaryimage","url":"https:\/\/www.ad-industries.fr\/content\/uploads\/2019\/06\/05-sheet-metal-divisions-ad-industries.png","contentUrl":"https:\/\/www.ad-industries.fr\/content\/uploads\/2019\/06\/05-sheet-metal-divisions-ad-industries.png","width":1140,"height":760},{"@type":"BreadcrumbList","@id":"https:\/\/www.ad-industries.fr\/en\/divisions\/sheet-metal-division\/#breadcrumb","itemListElement":[{"@type":"ListItem","position":1,"name":"Accueil","item":"https:\/\/www.ad-industries.fr\/en\/"},{"@type":"ListItem","position":2,"name":"Divisions","item":"https:\/\/www.ad-industries.fr\/en\/divisions\/"},{"@type":"ListItem","position":3,"name":"Sheet Metal Division"}]},{"@type":"WebSite","@id":"https:\/\/www.ad-industries.fr\/#website","url":"https:\/\/www.ad-industries.fr\/","name":"Motherson Aerospace","description":"Motherson Aerospace est un groupe industriel sp\u00e9cialis\u00e9 en ing\u00e9nierie m\u00e9canique, hydraulique et compsosite, fort de ses 14 sites de productions sp\u00e9cifiques et compl\u00e9mentaire.","publisher":{"@id":"https:\/\/www.ad-industries.fr\/#organization"},"potentialAction":[{"@type":"SearchAction","target":{"@type":"EntryPoint","urlTemplate":"https:\/\/www.ad-industries.fr\/?s={search_term_string}"},"query-input":{"@type":"PropertyValueSpecification","valueRequired":true,"valueName":"search_term_string"}}],"inLanguage":"en-US"},{"@type":"Organization","@id":"https:\/\/www.ad-industries.fr\/#organization","name":"AD Industries : Ing\u00e9nierie m\u00e9canique, Hydraulique & Composite","url":"https:\/\/www.ad-industries.fr\/","logo":{"@type":"ImageObject","inLanguage":"en-US","@id":"https:\/\/www.ad-industries.fr\/#\/schema\/logo\/image\/","url":"https:\/\/www.ad-industries.fr\/content\/uploads\/2018\/10\/logo-ad-industries.png","contentUrl":"https:\/\/www.ad-industries.fr\/content\/uploads\/2018\/10\/logo-ad-industries.png","width":350,"height":61,"caption":"AD Industries : Ing\u00e9nierie m\u00e9canique, Hydraulique & Composite"},"image":{"@id":"https:\/\/www.ad-industries.fr\/#\/schema\/logo\/image\/"},"sameAs":["https:\/\/www.linkedin.com\/company\/11211785\/admin\/"]}]}},"_links":{"self":[{"href":"https:\/\/www.ad-industries.fr\/en\/wp-json\/wp\/v2\/pages\/2526","targetHints":{"allow":["GET"]}}],"collection":[{"href":"https:\/\/www.ad-industries.fr\/en\/wp-json\/wp\/v2\/pages"}],"about":[{"href":"https:\/\/www.ad-industries.fr\/en\/wp-json\/wp\/v2\/types\/page"}],"author":[{"embeddable":true,"href":"https:\/\/www.ad-industries.fr\/en\/wp-json\/wp\/v2\/users\/3"}],"replies":[{"embeddable":true,"href":"https:\/\/www.ad-industries.fr\/en\/wp-json\/wp\/v2\/comments?post=2526"}],"version-history":[{"count":12,"href":"https:\/\/www.ad-industries.fr\/en\/wp-json\/wp\/v2\/pages\/2526\/revisions"}],"predecessor-version":[{"id":4262,"href":"https:\/\/www.ad-industries.fr\/en\/wp-json\/wp\/v2\/pages\/2526\/revisions\/4262"}],"up":[{"embeddable":true,"href":"https:\/\/www.ad-industries.fr\/en\/wp-json\/wp\/v2\/pages\/2500"}],"wp:featuredmedia":[{"embeddable":true,"href":"https:\/\/www.ad-industries.fr\/en\/wp-json\/wp\/v2\/media\/2418"}],"wp:attachment":[{"href":"https:\/\/www.ad-industries.fr\/en\/wp-json\/wp\/v2\/media?parent=2526"}],"curies":[{"name":"wp","href":"https:\/\/api.w.org\/{rel}","templated":true}]}}