{"id":2515,"date":"2019-05-29T08:29:56","date_gmt":"2019-05-29T08:29:56","guid":{"rendered":"https:\/\/www.ad-industries.fr\/divisions\/division-mechanical-assemblies\/"},"modified":"2025-04-03T13:03:54","modified_gmt":"2025-04-03T13:03:54","slug":"mechanical-assemblies-division","status":"publish","type":"page","link":"https:\/\/www.ad-industries.fr\/en\/divisions\/mechanical-assemblies-division\/","title":{"rendered":"Mechanical Assemblies Division"},"content":{"rendered":"<div class=\"wpb-content-wrapper\"><p>[vc_row][vc_column width=&#8221;1\/2&#8243;][vc_column_text]The Mechanical Assemblies division is made up of various different entities:<\/p>\n<h5 style=\"text-align: left; padding-left: 30px;\"><strong><a href=\"http:\/\/www.ad-industries.fr\/en\/entity\/ad-industries-machining-2\/\">Motherson Aerospace Machining<\/a><\/strong><\/h5>\n<h5 style=\"text-align: left; padding-left: 30px;\"><strong><a href=\"http:\/\/www.ad-industries.fr\/en\/entity\/ad-industries-mechanical-assemblies-la-chassagne\/\">Motherson Aerospace Mechanical Assemblies<br \/>\nLa Chassagne<\/a><\/strong><\/h5>\n<h5 style=\"text-align: left; padding-left: 30px;\"><strong><a href=\"http:\/\/www.ad-industries.fr\/en\/entity\/ad-industries-mechanical-assemblies-casablanca\/\">Motherson Aerospace Mechanical Assemblies<br \/>\nCasablanca<\/a><\/strong><\/h5>\n<h5 style=\"text-align: left; padding-left: 30px;\"><strong><a href=\"http:\/\/www.ad-industries.fr\/en\/entity\/ad-industries-mechanical-assemblies-tunis\/\">Motherson Aerospace Mechanical Assemblies<br \/>\nTunis<\/a><\/strong><\/h5>\n<p>[\/vc_column_text][\/vc_column][vc_column width=&#8221;1\/2&#8243;][vc_column_text]<img decoding=\"async\" class=\"alignnone wp-image-1887 size-large lazyload\" data-src=\"https:\/\/www.ad-industries.fr\/content\/uploads\/2019\/07\/\u252c\u00aecyrilgarrabos2019_20-1024x682.jpg\" alt=\"Division Mechanical Assemblies\" width=\"1024\" height=\"682\" data-srcset=\"https:\/\/www.ad-industries.fr\/content\/uploads\/2019\/07\/\u252c\u00aecyrilgarrabos2019_20-1024x682.jpg 1024w, https:\/\/www.ad-industries.fr\/content\/uploads\/2019\/07\/\u252c\u00aecyrilgarrabos2019_20-300x200.jpg 300w, https:\/\/www.ad-industries.fr\/content\/uploads\/2019\/07\/\u252c\u00aecyrilgarrabos2019_20-768x512.jpg 768w, https:\/\/www.ad-industries.fr\/content\/uploads\/2019\/07\/\u252c\u00aecyrilgarrabos2019_20.jpg 1100w\" data-sizes=\"(max-width: 1024px) 100vw, 1024px\" src=\"data:image\/svg+xml;base64,PHN2ZyB3aWR0aD0iMSIgaGVpZ2h0PSIxIiB4bWxucz0iaHR0cDovL3d3dy53My5vcmcvMjAwMC9zdmciPjwvc3ZnPg==\" style=\"--smush-placeholder-width: 1024px; --smush-placeholder-aspect-ratio: 1024\/682;\" \/>[\/vc_column_text][\/vc_column][\/vc_row][vc_row][vc_column][vc_empty_space][vc_column_text]<\/p>\n<div class=\"section-title-s3\">\n<blockquote>\n<h4>Within the\u00a0 Mechanical Assemblies division , the Motherson Aerospace Group&#8217;s mechanical expertise is expressed through the three business sectors of aerospace, defense and adjacent sectors.<\/h4>\n<\/blockquote>\n<\/div>\n<p>[\/vc_column_text][vc_empty_space][\/vc_column][\/vc_row][vc_row][vc_column][vc_column_text]<\/p>\n<h4>Motherson Aerospace Mechanical Assemblies provides:<\/h4>\n<p>[\/vc_column_text][vc_row_inner][vc_column_inner width=&#8221;1\/2&#8243;][vc_column_text]<\/p>\n<ul>\n<li>Machining and combined turning \/ milling.<\/li>\n<li>Dimensional and three-dimensional control.<\/li>\n<li>Plasma spraying (metallic and thermal barrier).<\/li>\n<li>Cleaning\/ Stripping: detergent or chemical before welding.<\/li>\n<li>Assembly:\u00a0 TIG welding, plasma (including a robotic installation), laser.<\/li>\n<li>Associated non-destructive tests: radiography (including a robotic installation), penetrant inspection.<\/li>\n<li>One type of heat treatment: stress relieving under argon atmosphere.<\/li>\n<\/ul>\n<p>[\/vc_column_text][\/vc_column_inner][vc_column_inner width=&#8221;1\/2&#8243;][vc_column_text][\/vc_column_text][\/vc_column_inner][\/vc_row_inner][\/vc_column][\/vc_row][vc_row][vc_column][vc_images_carousel images=&#8221;2482,2483,2484,2478,2479,2481&#8243; img_size=&#8221;1024&#215;683&#8243; onclick=&#8221;link_no&#8221; autoplay=&#8221;yes&#8221; wrap=&#8221;yes&#8221;][\/vc_column][\/vc_row]<\/p>\n<\/div>","protected":false},"excerpt":{"rendered":"<p>[vc_row][vc_column width=&#8221;1\/2&#8243;][vc_column_text]The Mechanical Assemblies division is made up of various different entities: Motherson Aerospace Machining Motherson Aerospace Mechanical Assemblies La Chassagne Motherson Aerospace Mechanical Assemblies Casablanca Motherson Aerospace Mechanical Assemblies Tunis [\/vc_column_text][\/vc_column][vc_column width=&#8221;1\/2&#8243;][vc_column_text][\/vc_column_text][\/vc_column][\/vc_row][vc_row][vc_column][vc_empty_space][vc_column_text] Within the\u00a0 Mechanical Assemblies division , the Motherson Aerospace Group&#8217;s mechanical expertise is expressed through the three business sectors of aerospace, defense<\/p>\n","protected":false},"author":1,"featured_media":2450,"parent":2500,"menu_order":0,"comment_status":"closed","ping_status":"closed","template":"","meta":{"_acf_changed":false,"footnotes":""},"class_list":["post-2515","page","type-page","status-publish","has-post-thumbnail","hentry"],"acf":[],"yoast_head":"<!-- This site is optimized with the Yoast SEO plugin v27.4 - https:\/\/yoast.com\/product\/yoast-seo-wordpress\/ -->\n<title>Mechanical Assemblies Division - Motherson Aerospace<\/title>\n<meta name=\"robots\" content=\"index, follow, max-snippet:-1, max-image-preview:large, max-video-preview:-1\" \/>\n<link rel=\"canonical\" href=\"https:\/\/www.ad-industries.fr\/en\/divisions\/mechanical-assemblies-division\/\" \/>\n<meta property=\"og:locale\" content=\"en_US\" \/>\n<meta property=\"og:type\" content=\"article\" \/>\n<meta property=\"og:title\" content=\"Mechanical Assemblies Division - Motherson Aerospace\" \/>\n<meta property=\"og:description\" content=\"[vc_row][vc_column width=&#8221;1\/2&#8243;][vc_column_text]The Mechanical Assemblies division is made up of various different entities: Motherson Aerospace Machining Motherson Aerospace Mechanical Assemblies La Chassagne Motherson Aerospace Mechanical Assemblies Casablanca Motherson Aerospace Mechanical Assemblies Tunis [\/vc_column_text][\/vc_column][vc_column width=&#8221;1\/2&#8243;][vc_column_text][\/vc_column_text][\/vc_column][\/vc_row][vc_row][vc_column][vc_empty_space][vc_column_text] Within the\u00a0 Mechanical Assemblies division , the Motherson Aerospace Group&#8217;s mechanical expertise is expressed through the three business sectors of aerospace, defense\" \/>\n<meta property=\"og:url\" content=\"https:\/\/www.ad-industries.fr\/en\/divisions\/mechanical-assemblies-division\/\" \/>\n<meta property=\"og:site_name\" content=\"Motherson Aerospace\" \/>\n<meta property=\"article:modified_time\" content=\"2025-04-03T13:03:54+00:00\" \/>\n<meta property=\"og:image\" content=\"https:\/\/www.ad-industries.fr\/content\/uploads\/2019\/07\/\u252c\u00aecyrilgarrabos2019_20.jpg\" \/>\n\t<meta property=\"og:image:width\" content=\"1100\" \/>\n\t<meta property=\"og:image:height\" content=\"733\" \/>\n\t<meta property=\"og:image:type\" content=\"image\/jpeg\" \/>\n<meta name=\"twitter:card\" content=\"summary_large_image\" \/>\n<meta name=\"twitter:label1\" content=\"Est. reading time\" \/>\n\t<meta name=\"twitter:data1\" content=\"1 minute\" \/>\n<script type=\"application\/ld+json\" class=\"yoast-schema-graph\">{\"@context\":\"https:\\\/\\\/schema.org\",\"@graph\":[{\"@type\":\"WebPage\",\"@id\":\"https:\\\/\\\/www.ad-industries.fr\\\/en\\\/divisions\\\/mechanical-assemblies-division\\\/\",\"url\":\"https:\\\/\\\/www.ad-industries.fr\\\/en\\\/divisions\\\/mechanical-assemblies-division\\\/\",\"name\":\"Mechanical Assemblies Division - Motherson Aerospace\",\"isPartOf\":{\"@id\":\"https:\\\/\\\/www.ad-industries.fr\\\/#website\"},\"primaryImageOfPage\":{\"@id\":\"https:\\\/\\\/www.ad-industries.fr\\\/en\\\/divisions\\\/mechanical-assemblies-division\\\/#primaryimage\"},\"image\":{\"@id\":\"https:\\\/\\\/www.ad-industries.fr\\\/en\\\/divisions\\\/mechanical-assemblies-division\\\/#primaryimage\"},\"thumbnailUrl\":\"https:\\\/\\\/www.ad-industries.fr\\\/content\\\/uploads\\\/2019\\\/07\\\/\u252c\u00aecyrilgarrabos2019_20.jpg\",\"datePublished\":\"2019-05-29T08:29:56+00:00\",\"dateModified\":\"2025-04-03T13:03:54+00:00\",\"breadcrumb\":{\"@id\":\"https:\\\/\\\/www.ad-industries.fr\\\/en\\\/divisions\\\/mechanical-assemblies-division\\\/#breadcrumb\"},\"inLanguage\":\"en-US\",\"potentialAction\":[{\"@type\":\"ReadAction\",\"target\":[\"https:\\\/\\\/www.ad-industries.fr\\\/en\\\/divisions\\\/mechanical-assemblies-division\\\/\"]}]},{\"@type\":\"ImageObject\",\"inLanguage\":\"en-US\",\"@id\":\"https:\\\/\\\/www.ad-industries.fr\\\/en\\\/divisions\\\/mechanical-assemblies-division\\\/#primaryimage\",\"url\":\"https:\\\/\\\/www.ad-industries.fr\\\/content\\\/uploads\\\/2019\\\/07\\\/\u252c\u00aecyrilgarrabos2019_20.jpg\",\"contentUrl\":\"https:\\\/\\\/www.ad-industries.fr\\\/content\\\/uploads\\\/2019\\\/07\\\/\u252c\u00aecyrilgarrabos2019_20.jpg\",\"width\":1100,\"height\":733},{\"@type\":\"BreadcrumbList\",\"@id\":\"https:\\\/\\\/www.ad-industries.fr\\\/en\\\/divisions\\\/mechanical-assemblies-division\\\/#breadcrumb\",\"itemListElement\":[{\"@type\":\"ListItem\",\"position\":1,\"name\":\"Accueil\",\"item\":\"https:\\\/\\\/www.ad-industries.fr\\\/en\\\/\"},{\"@type\":\"ListItem\",\"position\":2,\"name\":\"Divisions\",\"item\":\"https:\\\/\\\/www.ad-industries.fr\\\/en\\\/divisions\\\/\"},{\"@type\":\"ListItem\",\"position\":3,\"name\":\"Mechanical Assemblies Division\"}]},{\"@type\":\"WebSite\",\"@id\":\"https:\\\/\\\/www.ad-industries.fr\\\/#website\",\"url\":\"https:\\\/\\\/www.ad-industries.fr\\\/\",\"name\":\"Motherson Aerospace\",\"description\":\"Motherson Aerospace est un groupe industriel sp\u00e9cialis\u00e9 en ing\u00e9nierie m\u00e9canique, hydraulique et compsosite, fort de ses 14 sites de productions sp\u00e9cifiques et compl\u00e9mentaire.\",\"publisher\":{\"@id\":\"https:\\\/\\\/www.ad-industries.fr\\\/#organization\"},\"potentialAction\":[{\"@type\":\"SearchAction\",\"target\":{\"@type\":\"EntryPoint\",\"urlTemplate\":\"https:\\\/\\\/www.ad-industries.fr\\\/?s={search_term_string}\"},\"query-input\":{\"@type\":\"PropertyValueSpecification\",\"valueRequired\":true,\"valueName\":\"search_term_string\"}}],\"inLanguage\":\"en-US\"},{\"@type\":\"Organization\",\"@id\":\"https:\\\/\\\/www.ad-industries.fr\\\/#organization\",\"name\":\"AD Industries : Ing\u00e9nierie m\u00e9canique, Hydraulique & Composite\",\"url\":\"https:\\\/\\\/www.ad-industries.fr\\\/\",\"logo\":{\"@type\":\"ImageObject\",\"inLanguage\":\"en-US\",\"@id\":\"https:\\\/\\\/www.ad-industries.fr\\\/#\\\/schema\\\/logo\\\/image\\\/\",\"url\":\"https:\\\/\\\/www.ad-industries.fr\\\/content\\\/uploads\\\/2018\\\/10\\\/logo-ad-industries.png\",\"contentUrl\":\"https:\\\/\\\/www.ad-industries.fr\\\/content\\\/uploads\\\/2018\\\/10\\\/logo-ad-industries.png\",\"width\":350,\"height\":61,\"caption\":\"AD Industries : Ing\u00e9nierie m\u00e9canique, Hydraulique & Composite\"},\"image\":{\"@id\":\"https:\\\/\\\/www.ad-industries.fr\\\/#\\\/schema\\\/logo\\\/image\\\/\"},\"sameAs\":[\"https:\\\/\\\/www.linkedin.com\\\/company\\\/11211785\\\/admin\\\/\"]}]}<\/script>\n<!-- \/ Yoast SEO plugin. -->","yoast_head_json":{"title":"Mechanical Assemblies Division - Motherson Aerospace","robots":{"index":"index","follow":"follow","max-snippet":"max-snippet:-1","max-image-preview":"max-image-preview:large","max-video-preview":"max-video-preview:-1"},"canonical":"https:\/\/www.ad-industries.fr\/en\/divisions\/mechanical-assemblies-division\/","og_locale":"en_US","og_type":"article","og_title":"Mechanical Assemblies Division - Motherson Aerospace","og_description":"[vc_row][vc_column width=&#8221;1\/2&#8243;][vc_column_text]The Mechanical Assemblies division is made up of various different entities: Motherson Aerospace Machining Motherson Aerospace Mechanical Assemblies La Chassagne Motherson Aerospace Mechanical Assemblies Casablanca Motherson Aerospace Mechanical Assemblies Tunis [\/vc_column_text][\/vc_column][vc_column width=&#8221;1\/2&#8243;][vc_column_text][\/vc_column_text][\/vc_column][\/vc_row][vc_row][vc_column][vc_empty_space][vc_column_text] Within the\u00a0 Mechanical Assemblies division , the Motherson Aerospace Group&#8217;s mechanical expertise is expressed through the three business sectors of aerospace, defense","og_url":"https:\/\/www.ad-industries.fr\/en\/divisions\/mechanical-assemblies-division\/","og_site_name":"Motherson Aerospace","article_modified_time":"2025-04-03T13:03:54+00:00","og_image":[{"width":1100,"height":733,"url":"https:\/\/www.ad-industries.fr\/content\/uploads\/2019\/07\/\u252c\u00aecyrilgarrabos2019_20.jpg","type":"image\/jpeg"}],"twitter_card":"summary_large_image","twitter_misc":{"Est. reading time":"1 minute"},"schema":{"@context":"https:\/\/schema.org","@graph":[{"@type":"WebPage","@id":"https:\/\/www.ad-industries.fr\/en\/divisions\/mechanical-assemblies-division\/","url":"https:\/\/www.ad-industries.fr\/en\/divisions\/mechanical-assemblies-division\/","name":"Mechanical Assemblies Division - Motherson Aerospace","isPartOf":{"@id":"https:\/\/www.ad-industries.fr\/#website"},"primaryImageOfPage":{"@id":"https:\/\/www.ad-industries.fr\/en\/divisions\/mechanical-assemblies-division\/#primaryimage"},"image":{"@id":"https:\/\/www.ad-industries.fr\/en\/divisions\/mechanical-assemblies-division\/#primaryimage"},"thumbnailUrl":"https:\/\/www.ad-industries.fr\/content\/uploads\/2019\/07\/\u252c\u00aecyrilgarrabos2019_20.jpg","datePublished":"2019-05-29T08:29:56+00:00","dateModified":"2025-04-03T13:03:54+00:00","breadcrumb":{"@id":"https:\/\/www.ad-industries.fr\/en\/divisions\/mechanical-assemblies-division\/#breadcrumb"},"inLanguage":"en-US","potentialAction":[{"@type":"ReadAction","target":["https:\/\/www.ad-industries.fr\/en\/divisions\/mechanical-assemblies-division\/"]}]},{"@type":"ImageObject","inLanguage":"en-US","@id":"https:\/\/www.ad-industries.fr\/en\/divisions\/mechanical-assemblies-division\/#primaryimage","url":"https:\/\/www.ad-industries.fr\/content\/uploads\/2019\/07\/\u252c\u00aecyrilgarrabos2019_20.jpg","contentUrl":"https:\/\/www.ad-industries.fr\/content\/uploads\/2019\/07\/\u252c\u00aecyrilgarrabos2019_20.jpg","width":1100,"height":733},{"@type":"BreadcrumbList","@id":"https:\/\/www.ad-industries.fr\/en\/divisions\/mechanical-assemblies-division\/#breadcrumb","itemListElement":[{"@type":"ListItem","position":1,"name":"Accueil","item":"https:\/\/www.ad-industries.fr\/en\/"},{"@type":"ListItem","position":2,"name":"Divisions","item":"https:\/\/www.ad-industries.fr\/en\/divisions\/"},{"@type":"ListItem","position":3,"name":"Mechanical Assemblies Division"}]},{"@type":"WebSite","@id":"https:\/\/www.ad-industries.fr\/#website","url":"https:\/\/www.ad-industries.fr\/","name":"Motherson Aerospace","description":"Motherson Aerospace est un groupe industriel sp\u00e9cialis\u00e9 en ing\u00e9nierie m\u00e9canique, hydraulique et compsosite, fort de ses 14 sites de productions sp\u00e9cifiques et compl\u00e9mentaire.","publisher":{"@id":"https:\/\/www.ad-industries.fr\/#organization"},"potentialAction":[{"@type":"SearchAction","target":{"@type":"EntryPoint","urlTemplate":"https:\/\/www.ad-industries.fr\/?s={search_term_string}"},"query-input":{"@type":"PropertyValueSpecification","valueRequired":true,"valueName":"search_term_string"}}],"inLanguage":"en-US"},{"@type":"Organization","@id":"https:\/\/www.ad-industries.fr\/#organization","name":"AD Industries : Ing\u00e9nierie m\u00e9canique, Hydraulique & Composite","url":"https:\/\/www.ad-industries.fr\/","logo":{"@type":"ImageObject","inLanguage":"en-US","@id":"https:\/\/www.ad-industries.fr\/#\/schema\/logo\/image\/","url":"https:\/\/www.ad-industries.fr\/content\/uploads\/2018\/10\/logo-ad-industries.png","contentUrl":"https:\/\/www.ad-industries.fr\/content\/uploads\/2018\/10\/logo-ad-industries.png","width":350,"height":61,"caption":"AD Industries : Ing\u00e9nierie m\u00e9canique, Hydraulique & Composite"},"image":{"@id":"https:\/\/www.ad-industries.fr\/#\/schema\/logo\/image\/"},"sameAs":["https:\/\/www.linkedin.com\/company\/11211785\/admin\/"]}]}},"_links":{"self":[{"href":"https:\/\/www.ad-industries.fr\/en\/wp-json\/wp\/v2\/pages\/2515","targetHints":{"allow":["GET"]}}],"collection":[{"href":"https:\/\/www.ad-industries.fr\/en\/wp-json\/wp\/v2\/pages"}],"about":[{"href":"https:\/\/www.ad-industries.fr\/en\/wp-json\/wp\/v2\/types\/page"}],"author":[{"embeddable":true,"href":"https:\/\/www.ad-industries.fr\/en\/wp-json\/wp\/v2\/users\/1"}],"replies":[{"embeddable":true,"href":"https:\/\/www.ad-industries.fr\/en\/wp-json\/wp\/v2\/comments?post=2515"}],"version-history":[{"count":12,"href":"https:\/\/www.ad-industries.fr\/en\/wp-json\/wp\/v2\/pages\/2515\/revisions"}],"predecessor-version":[{"id":4258,"href":"https:\/\/www.ad-industries.fr\/en\/wp-json\/wp\/v2\/pages\/2515\/revisions\/4258"}],"up":[{"embeddable":true,"href":"https:\/\/www.ad-industries.fr\/en\/wp-json\/wp\/v2\/pages\/2500"}],"wp:featuredmedia":[{"embeddable":true,"href":"https:\/\/www.ad-industries.fr\/en\/wp-json\/wp\/v2\/media\/2450"}],"wp:attachment":[{"href":"https:\/\/www.ad-industries.fr\/en\/wp-json\/wp\/v2\/media?parent=2515"}],"curies":[{"name":"wp","href":"https:\/\/api.w.org\/{rel}","templated":true}]}}