{"id":2490,"date":"2019-05-16T14:44:35","date_gmt":"2019-05-16T14:44:35","guid":{"rendered":"https:\/\/www.ad-industries.fr\/le-groupe-ad-industries\/"},"modified":"2025-04-03T12:48:21","modified_gmt":"2025-04-03T12:48:21","slug":"group-ad-industries","status":"publish","type":"page","link":"https:\/\/www.ad-industries.fr\/en\/group-ad-industries\/","title":{"rendered":"Group"},"content":{"rendered":"<div class=\"wpb-content-wrapper\"><p>[vc_row][vc_column width=&#8221;2\/3&#8243;][vc_column_text]<\/p>\n<h6>Founded in 2004, our industrial group is specialized in mechanical, hydraulic and composite engineering. With 11 specialized and complementary production sites across France and the Maghreb, we offer our customers global, high-performance and competitive solutions over the entire product lifecycle: from design to industrialization; from mass production to support.<\/h6>\n<h6>Capable of developing technical parts and precison assemblies, we have become a true reference among engine manufacturer subcontractors for the aerospace sector (which represents more than 80% of our activity), and we also operate in the Defense, Energy, Medical and Automotive sectors.<\/h6>\n<p>[\/vc_column_text][\/vc_column][vc_column width=&#8221;1\/3&#8243;][vc_empty_space height=&#8221;15px&#8221;][vc_single_image image=&#8221;2348&#8243; img_size=&#8221;full&#8221;][\/vc_column][\/vc_row][vc_row el_id=&#8221;mission&#8221;][vc_column width=&#8221;1\/2&#8243;][vc_empty_space][vc_column_text]<\/p>\n<div class=\"section-title-s3\">\n<h2>Our mission:<br \/>\nto offer complete<br \/>\nhigh-tech solutions<\/h2>\n<\/div>\n<p>Our expertise in mechanics, sheet metal working, hydraulics and composites allows us to offer complete high-tech solutions, and therefore, to produce complete parts and sub-assemblies.<br \/>\nThis know-how is based on an Engineering division that spans the entire Group, offering our customers optimal service throughout the production chain.[\/vc_column_text][\/vc_column][vc_column width=&#8221;1\/2&#8243; el_id=&#8221;vision&#8221;][vc_empty_space][vc_column_text]<\/p>\n<div class=\"section-title-s3\">\n<h2>Our Vision:<br \/>\nto be know as the reference<br \/>\nin the field<\/h2>\n<\/div>\n<p>To become the preferred partner of tier 1 prime contractors in the aerospace engine and adjacent sectors, sought after for our operational excellence, our capacity for innovation and our multidisciplinary offer of products and services.[\/vc_column_text][\/vc_column][\/vc_row][vc_row el_id=&#8221;valeurs&#8221;][vc_column width=&#8221;1\/3&#8243;][vc_empty_space][vc_single_image image=&#8221;2337&#8243; img_size=&#8221;full&#8221;][vc_empty_space][vc_column_text]<\/p>\n<div class=\"section-title-s3\">\n<h2>Our values:<\/h2>\n<\/div>\n<p>[\/vc_column_text][\/vc_column][vc_column width=&#8221;1\/3&#8243;][vc_empty_space][vc_single_image image=&#8221;2346&#8243; img_size=&#8221;full&#8221;][vc_empty_space][\/vc_column][vc_column width=&#8221;1\/3&#8243;][vc_empty_space][vc_single_image image=&#8221;2354&#8243; img_size=&#8221;full&#8221;][vc_empty_space][\/vc_column][\/vc_row][vc_row][vc_column width=&#8221;1\/6&#8243;][vc_column_text]<img decoding=\"async\" class=\"alignnone size-full wp-image-974 lazyload\" data-src=\"https:\/\/www.ad-industries.fr\/content\/uploads\/2019\/05\/isotype-ad-industries.png\" alt=\"\" width=\"122\" height=\"121\" src=\"data:image\/svg+xml;base64,PHN2ZyB3aWR0aD0iMSIgaGVpZ2h0PSIxIiB4bWxucz0iaHR0cDovL3d3dy53My5vcmcvMjAwMC9zdmciPjwvc3ZnPg==\" style=\"--smush-placeholder-width: 122px; --smush-placeholder-aspect-ratio: 122\/121;\" \/>[\/vc_column_text][\/vc_column][vc_column width=&#8221;1\/6&#8243;][vc_column_text]<strong>Commitment<\/strong><\/p>\n<hr \/>\n<p>We deliver the results as promised.[\/vc_column_text][vc_column_text][\/vc_column_text][\/vc_column][vc_column width=&#8221;1\/6&#8243;][vc_column_text]<strong>Exemplarity<\/strong><\/p>\n<hr \/>\n<p>We demonstrate in our behaviour and interactions the values of our group as well as our professional and ethical excellence.[\/vc_column_text][\/vc_column][vc_column width=&#8221;1\/6&#8243;][vc_column_text]<strong>Team spirit<br \/>\n<\/strong><\/p>\n<hr \/>\n<p>We all work together to help our group achieve sucess by focusing on our collective performance.[\/vc_column_text][\/vc_column][vc_column width=&#8221;1\/6&#8243;][vc_column_text]<strong>Innovation<\/strong><\/p>\n<hr \/>\n<p>We encourage new ideas and initiative to bring ever more quality, service and added value to our customers.[\/vc_column_text][\/vc_column][vc_column width=&#8221;1\/6&#8243;][vc_column_text]<strong>Excellence<\/strong><\/p>\n<hr \/>\n<p>We seek out the highest levels of performance and quality and commit to achieving them.[\/vc_column_text][\/vc_column][\/vc_row][vc_row][vc_column][vc_column_text]<\/p>\n<div id=\"zero-defaut\" class=\"section-title-s3\">\n<h1 style=\"font-weight: 600; text-align: center;\">\u201cZero Defects\u201d<\/h1>\n<h4 style=\"text-align: center;\"><span style=\"color: #0082ae;\">This is the objective that has been set through a program of the same name the Motherson Aerospace Group by 2021.<br \/>\n<\/span><\/h4>\n<\/div>\n<p>[\/vc_column_text][vc_column_text]<\/p>\n<div class=\"section-title-s3\">\n<h6 style=\"text-align: center;\"><strong>This program aims to improve customer satisfaction by reducing our non-quality \u2013 exported, internal and supplier. <\/strong><\/h6>\n<\/div>\n<p>[\/vc_column_text][vc_empty_space][vc_row_inner][vc_column_inner width=&#8221;1\/2&#8243;][vc_column_text]It is structured around 3 axes:<\/p>\n<ul>\n<li>Robustness of our organizational processes.<\/li>\n<li>Product quality management.<\/li>\n<li>The know-how of our employees.<\/li>\n<\/ul>\n<p>[\/vc_column_text][\/vc_column_inner][vc_column_inner width=&#8221;1\/2&#8243;][vc_column_text]Our objectives:<\/p>\n<ul>\n<li>An exported non-quality of less than 100 ppm or less than 5 customer complaints over any 6-month period for lower volume sites.<\/li>\n<li>Waste cost less than 95% of production costs.<\/li>\n<li>Supplier non-quality less than 1500 ppm.<\/li>\n<\/ul>\n<p>[\/vc_column_text][\/vc_column_inner][\/vc_row_inner][vc_column_text]<\/p>\n<div class=\"section-title-s3\">\n<h2>Our certifications:<\/h2>\n<\/div>\n<ul>\n<li>ISO 9001,<\/li>\n<li>EN 9100,<\/li>\n<li>PART 21 G and PART 145 approvals\u00a0 (for the sites concerned),<\/li>\n<li>NADCAP accreditations on heat treatment processes, NDT, TIG welding, laser cutting, pickling, passivation and composites&#8230;<\/li>\n<\/ul>\n<p>Our Motherson Aerospace Sheet Metal site is ISO 14001 certified\u00a0 and a deployment\u00a0 program is underway for all our sites.[\/vc_column_text][vc_empty_space][\/vc_column][\/vc_row][vc_row][vc_column width=&#8221;1\/2&#8243;][vc_column_text]<\/p>\n<p style=\"text-align: justify;\">As part of the Health, Safety and Environment approach, our Group has developed an improvement programme aimed at achieving Zero accidents, controlling energy consumption and ensuring the working comfort of its teams.<br \/>\nTo support this approach, the Motherson Aerospace Group relies on\u00a0 ISO14001 and ISO45001 standards.<\/p>\n<p>[\/vc_column_text][\/vc_column][vc_column width=&#8221;1\/2&#8243;][vc_single_image image=&#8221;2314&#8243; img_size=&#8221;full&#8221;][\/vc_column][\/vc_row][vc_row el_id=&#8221;funfacts&#8221;][vc_column][vc_single_image image=&#8221;2432&#8243; img_size=&#8221;full&#8221; alignment=&#8221;center&#8221; css_animation=&#8221;fadeInUp&#8221;][vc_column_text]<\/p>\n<div class=\"section-title-s3\">\n<h2>Key figures<\/h2>\n<\/div>\n<p>[\/vc_column_text]   \r\n\r\n<!-- start fun-fact -->\r\n<section class=\"fun-fact\">\r\n    <div class=\"container\">\r\n        <div class=\"row start-count\">\r\n                        <div class=\"col col-sm-4  mt-3 \">\r\n                <div class=\"grid count-box\">\r\n                    <h3><span class=\"count-text\" data-speed=\"3000\" data-stop=\"190\">0<\/span><span>+<\/span><\/h3>\r\n                    <span class=\"fact-title\">m\u20ac turnover<\/span>\r\n                    <p><\/p>\r\n                <\/div>\r\n            <\/div>\r\n                        <div class=\"col col-sm-4  mt-3 \">\r\n                <div class=\"grid count-box\">\r\n                    <h3><span class=\"count-text\" data-speed=\"3000\" data-stop=\"11\">0<\/span><span><\/span><\/h3>\r\n                    <span class=\"fact-title\">industrial sites<\/span>\r\n                    <p><\/p>\r\n                <\/div>\r\n            <\/div>\r\n                        <div class=\"col col-sm-4  mt-3 \">\r\n                <div class=\"grid count-box\">\r\n                    <h3><span class=\"count-text\" data-speed=\"3000\" data-stop=\"1\">0<\/span><span><\/span><\/h3>\r\n                    <span class=\"fact-title\">design office<\/span>\r\n                    <p><\/p>\r\n                <\/div>\r\n            <\/div>\r\n                        <div class=\"col col-sm-4  mt-3  col-md-offset-2 \">\r\n                <div class=\"grid count-box\">\r\n                    <h3><span class=\"count-text\" data-speed=\"3000\" data-stop=\"90000\">0<\/span><span>+<\/span><\/h3>\r\n                    <span class=\"fact-title\">m2 premises covering<\/span>\r\n                    <p><\/p>\r\n                <\/div>\r\n            <\/div>\r\n                        <div class=\"col col-sm-4  mt-3 \">\r\n                <div class=\"grid count-box\">\r\n                    <h3><span class=\"count-text\" data-speed=\"3000\" data-stop=\"1000\">0<\/span><span>+<\/span><\/h3>\r\n                    <span class=\"fact-title\">employees<\/span>\r\n                    <p><\/p>\r\n                <\/div>\r\n            <\/div>\r\n                    <\/div>\r\n    <\/div> <!-- end container -->\r\n<\/section>\r\n<!-- end fun-fact -->\r\n\r\n\r\n[\/vc_column][\/vc_row][vc_row full_width=&#8221;stretch_row&#8221; el_id=&#8221;partenaires&#8221; css=&#8221;.vc_custom_1567525938500{background-color: #dddddd !important;}&#8221;][vc_column width=&#8221;1\/4&#8243;][vc_column_text]<\/p>\n<div class=\"section-title-s3\">\n<h2>Shareholder equity<\/h2>\n<\/div>\n<p>[\/vc_column_text][\/vc_column][vc_column width=&#8221;3\/4&#8243;][vc_empty_space height=&#8221;13px&#8221;][vc_column_text]<\/p>\n<div id=\"TheTexte\" class=\"Texte\" lang=\"zxx\">\n<p><strong>Majority shareholder:<\/strong> Stirling Square Capital Partners<\/p>\n<p><strong>Minority shareholder:<\/strong> BPI France<\/p>\n<\/div>\n<p>[\/vc_column_text][vc_empty_space][\/vc_column][\/vc_row][vc_row css=&#8221;.vc_custom_1615968848624{background-color: #ffffff !important;}&#8221; el_id=&#8221;references&#8221;][vc_column][vc_raw_html]JTNDZGl2JTIwY2xhc3MlM0QlMjJjb250YWluZXIlMjIlM0UlMEElM0NkaXYlMjBjbGFzcyUzRCUyMnNlY3Rpb24tdGl0bGUtczUlMjIlM0UlMEElM0NoMiUyMGNsYXNzJTNEJTIydGV4dC1sZWZ0JTIyJTNFJTNDc3BhbiUyMHN0eWxlJTNEJTIyY29sb3IlM0ElMjMwNTE4MjklMjIlM0VUaGUlMjByZWZlcmVuY2VzJTIwb2YlMjB0aGUlMjBNb3RoZXJzb24lMjBBZXJvc3BhY2UlMjBHcm91cCUzQyUyRnNwYW4lM0UlM0MlMkZoMiUzRSUwQSUzQyUyRmRpdiUzRSUwQSUzQyUyRmRpdiUzRQ==[\/vc_raw_html][vc_images_carousel images=&#8221;2467,2329,2328,2327,2326,2325,2324,2323,2322,2321,2320&#8243; img_size=&#8221;full&#8221; onclick=&#8221;link_no&#8221; slides_per_view=&#8221;5&#8243; autoplay=&#8221;yes&#8221; hide_pagination_control=&#8221;yes&#8221; wrap=&#8221;yes&#8221; el_class=&#8221;container&#8221;][\/vc_column][\/vc_row]<\/p>\n<\/div>","protected":false},"excerpt":{"rendered":"<p>[vc_row][vc_column width=&#8221;2\/3&#8243;][vc_column_text] Founded in 2004, our industrial group is specialized in mechanical, hydraulic and composite engineering. With 11 specialized and complementary production sites across France and the Maghreb, we offer our customers global, high-performance and competitive solutions over the entire product lifecycle: from design to industrialization; from mass production to support. Capable of developing technical<\/p>\n","protected":false},"author":3,"featured_media":2393,"parent":0,"menu_order":0,"comment_status":"closed","ping_status":"closed","template":"","meta":{"_acf_changed":false,"footnotes":""},"class_list":["post-2490","page","type-page","status-publish","has-post-thumbnail","hentry"],"acf":[],"yoast_head":"<!-- This site is optimized with the Yoast SEO plugin v27.5 - https:\/\/yoast.com\/product\/yoast-seo-wordpress\/ -->\n<title>Group - Motherson Aerospace<\/title>\n<meta name=\"robots\" content=\"index, follow, max-snippet:-1, max-image-preview:large, max-video-preview:-1\" \/>\n<link rel=\"canonical\" href=\"https:\/\/www.ad-industries.fr\/en\/group-ad-industries\/\" \/>\n<meta property=\"og:locale\" content=\"en_US\" \/>\n<meta property=\"og:type\" content=\"article\" \/>\n<meta property=\"og:title\" content=\"Group - Motherson Aerospace\" \/>\n<meta property=\"og:description\" content=\"[vc_row][vc_column width=&#8221;2\/3&#8243;][vc_column_text] Founded in 2004, our industrial group is specialized in mechanical, hydraulic and composite engineering. With 11 specialized and complementary production sites across France and the Maghreb, we offer our customers global, high-performance and competitive solutions over the entire product lifecycle: from design to industrialization; from mass production to support. Capable of developing technical\" \/>\n<meta property=\"og:url\" content=\"https:\/\/www.ad-industries.fr\/en\/group-ad-industries\/\" \/>\n<meta property=\"og:site_name\" content=\"Motherson Aerospace\" \/>\n<meta property=\"article:modified_time\" content=\"2025-04-03T12:48:21+00:00\" \/>\n<meta property=\"og:image\" content=\"https:\/\/www.ad-industries.fr\/content\/uploads\/2019\/06\/cyrilgarrabos2019_60-e1560846218581.jpg\" \/>\n\t<meta property=\"og:image:width\" content=\"1600\" \/>\n\t<meta property=\"og:image:height\" content=\"1067\" \/>\n\t<meta property=\"og:image:type\" content=\"image\/jpeg\" \/>\n<meta name=\"twitter:card\" content=\"summary_large_image\" \/>\n<meta name=\"twitter:label1\" content=\"Est. reading time\" \/>\n\t<meta name=\"twitter:data1\" content=\"4 minutes\" \/>\n<script type=\"application\/ld+json\" class=\"yoast-schema-graph\">{\"@context\":\"https:\\\/\\\/schema.org\",\"@graph\":[{\"@type\":\"WebPage\",\"@id\":\"https:\\\/\\\/www.ad-industries.fr\\\/en\\\/group-ad-industries\\\/\",\"url\":\"https:\\\/\\\/www.ad-industries.fr\\\/en\\\/group-ad-industries\\\/\",\"name\":\"Group - Motherson Aerospace\",\"isPartOf\":{\"@id\":\"https:\\\/\\\/www.ad-industries.fr\\\/#website\"},\"primaryImageOfPage\":{\"@id\":\"https:\\\/\\\/www.ad-industries.fr\\\/en\\\/group-ad-industries\\\/#primaryimage\"},\"image\":{\"@id\":\"https:\\\/\\\/www.ad-industries.fr\\\/en\\\/group-ad-industries\\\/#primaryimage\"},\"thumbnailUrl\":\"https:\\\/\\\/www.ad-industries.fr\\\/content\\\/uploads\\\/2019\\\/06\\\/cyrilgarrabos2019_60-e1560846218581.jpg\",\"datePublished\":\"2019-05-16T14:44:35+00:00\",\"dateModified\":\"2025-04-03T12:48:21+00:00\",\"breadcrumb\":{\"@id\":\"https:\\\/\\\/www.ad-industries.fr\\\/en\\\/group-ad-industries\\\/#breadcrumb\"},\"inLanguage\":\"en-US\",\"potentialAction\":[{\"@type\":\"ReadAction\",\"target\":[\"https:\\\/\\\/www.ad-industries.fr\\\/en\\\/group-ad-industries\\\/\"]}]},{\"@type\":\"ImageObject\",\"inLanguage\":\"en-US\",\"@id\":\"https:\\\/\\\/www.ad-industries.fr\\\/en\\\/group-ad-industries\\\/#primaryimage\",\"url\":\"https:\\\/\\\/www.ad-industries.fr\\\/content\\\/uploads\\\/2019\\\/06\\\/cyrilgarrabos2019_60-e1560846218581.jpg\",\"contentUrl\":\"https:\\\/\\\/www.ad-industries.fr\\\/content\\\/uploads\\\/2019\\\/06\\\/cyrilgarrabos2019_60-e1560846218581.jpg\",\"width\":1600,\"height\":1067},{\"@type\":\"BreadcrumbList\",\"@id\":\"https:\\\/\\\/www.ad-industries.fr\\\/en\\\/group-ad-industries\\\/#breadcrumb\",\"itemListElement\":[{\"@type\":\"ListItem\",\"position\":1,\"name\":\"Accueil\",\"item\":\"https:\\\/\\\/www.ad-industries.fr\\\/en\\\/\"},{\"@type\":\"ListItem\",\"position\":2,\"name\":\"Group\"}]},{\"@type\":\"WebSite\",\"@id\":\"https:\\\/\\\/www.ad-industries.fr\\\/#website\",\"url\":\"https:\\\/\\\/www.ad-industries.fr\\\/\",\"name\":\"Motherson Aerospace\",\"description\":\"Motherson Aerospace est un groupe industriel sp\u00e9cialis\u00e9 en ing\u00e9nierie m\u00e9canique, hydraulique et compsosite, fort de ses 14 sites de productions sp\u00e9cifiques et compl\u00e9mentaire.\",\"publisher\":{\"@id\":\"https:\\\/\\\/www.ad-industries.fr\\\/#organization\"},\"potentialAction\":[{\"@type\":\"SearchAction\",\"target\":{\"@type\":\"EntryPoint\",\"urlTemplate\":\"https:\\\/\\\/www.ad-industries.fr\\\/?s={search_term_string}\"},\"query-input\":{\"@type\":\"PropertyValueSpecification\",\"valueRequired\":true,\"valueName\":\"search_term_string\"}}],\"inLanguage\":\"en-US\"},{\"@type\":\"Organization\",\"@id\":\"https:\\\/\\\/www.ad-industries.fr\\\/#organization\",\"name\":\"AD Industries : Ing\u00e9nierie m\u00e9canique, Hydraulique & Composite\",\"url\":\"https:\\\/\\\/www.ad-industries.fr\\\/\",\"logo\":{\"@type\":\"ImageObject\",\"inLanguage\":\"en-US\",\"@id\":\"https:\\\/\\\/www.ad-industries.fr\\\/#\\\/schema\\\/logo\\\/image\\\/\",\"url\":\"https:\\\/\\\/www.ad-industries.fr\\\/content\\\/uploads\\\/2018\\\/10\\\/logo-ad-industries.png\",\"contentUrl\":\"https:\\\/\\\/www.ad-industries.fr\\\/content\\\/uploads\\\/2018\\\/10\\\/logo-ad-industries.png\",\"width\":350,\"height\":61,\"caption\":\"AD Industries : Ing\u00e9nierie m\u00e9canique, Hydraulique & Composite\"},\"image\":{\"@id\":\"https:\\\/\\\/www.ad-industries.fr\\\/#\\\/schema\\\/logo\\\/image\\\/\"},\"sameAs\":[\"https:\\\/\\\/www.linkedin.com\\\/company\\\/11211785\\\/admin\\\/\"]}]}<\/script>\n<!-- \/ Yoast SEO plugin. -->","yoast_head_json":{"title":"Group - Motherson Aerospace","robots":{"index":"index","follow":"follow","max-snippet":"max-snippet:-1","max-image-preview":"max-image-preview:large","max-video-preview":"max-video-preview:-1"},"canonical":"https:\/\/www.ad-industries.fr\/en\/group-ad-industries\/","og_locale":"en_US","og_type":"article","og_title":"Group - Motherson Aerospace","og_description":"[vc_row][vc_column width=&#8221;2\/3&#8243;][vc_column_text] Founded in 2004, our industrial group is specialized in mechanical, hydraulic and composite engineering. With 11 specialized and complementary production sites across France and the Maghreb, we offer our customers global, high-performance and competitive solutions over the entire product lifecycle: from design to industrialization; from mass production to support. Capable of developing technical","og_url":"https:\/\/www.ad-industries.fr\/en\/group-ad-industries\/","og_site_name":"Motherson Aerospace","article_modified_time":"2025-04-03T12:48:21+00:00","og_image":[{"width":1600,"height":1067,"url":"https:\/\/www.ad-industries.fr\/content\/uploads\/2019\/06\/cyrilgarrabos2019_60-e1560846218581.jpg","type":"image\/jpeg"}],"twitter_card":"summary_large_image","twitter_misc":{"Est. reading time":"4 minutes"},"schema":{"@context":"https:\/\/schema.org","@graph":[{"@type":"WebPage","@id":"https:\/\/www.ad-industries.fr\/en\/group-ad-industries\/","url":"https:\/\/www.ad-industries.fr\/en\/group-ad-industries\/","name":"Group - Motherson Aerospace","isPartOf":{"@id":"https:\/\/www.ad-industries.fr\/#website"},"primaryImageOfPage":{"@id":"https:\/\/www.ad-industries.fr\/en\/group-ad-industries\/#primaryimage"},"image":{"@id":"https:\/\/www.ad-industries.fr\/en\/group-ad-industries\/#primaryimage"},"thumbnailUrl":"https:\/\/www.ad-industries.fr\/content\/uploads\/2019\/06\/cyrilgarrabos2019_60-e1560846218581.jpg","datePublished":"2019-05-16T14:44:35+00:00","dateModified":"2025-04-03T12:48:21+00:00","breadcrumb":{"@id":"https:\/\/www.ad-industries.fr\/en\/group-ad-industries\/#breadcrumb"},"inLanguage":"en-US","potentialAction":[{"@type":"ReadAction","target":["https:\/\/www.ad-industries.fr\/en\/group-ad-industries\/"]}]},{"@type":"ImageObject","inLanguage":"en-US","@id":"https:\/\/www.ad-industries.fr\/en\/group-ad-industries\/#primaryimage","url":"https:\/\/www.ad-industries.fr\/content\/uploads\/2019\/06\/cyrilgarrabos2019_60-e1560846218581.jpg","contentUrl":"https:\/\/www.ad-industries.fr\/content\/uploads\/2019\/06\/cyrilgarrabos2019_60-e1560846218581.jpg","width":1600,"height":1067},{"@type":"BreadcrumbList","@id":"https:\/\/www.ad-industries.fr\/en\/group-ad-industries\/#breadcrumb","itemListElement":[{"@type":"ListItem","position":1,"name":"Accueil","item":"https:\/\/www.ad-industries.fr\/en\/"},{"@type":"ListItem","position":2,"name":"Group"}]},{"@type":"WebSite","@id":"https:\/\/www.ad-industries.fr\/#website","url":"https:\/\/www.ad-industries.fr\/","name":"Motherson Aerospace","description":"Motherson Aerospace est un groupe industriel sp\u00e9cialis\u00e9 en ing\u00e9nierie m\u00e9canique, hydraulique et compsosite, fort de ses 14 sites de productions sp\u00e9cifiques et compl\u00e9mentaire.","publisher":{"@id":"https:\/\/www.ad-industries.fr\/#organization"},"potentialAction":[{"@type":"SearchAction","target":{"@type":"EntryPoint","urlTemplate":"https:\/\/www.ad-industries.fr\/?s={search_term_string}"},"query-input":{"@type":"PropertyValueSpecification","valueRequired":true,"valueName":"search_term_string"}}],"inLanguage":"en-US"},{"@type":"Organization","@id":"https:\/\/www.ad-industries.fr\/#organization","name":"AD Industries : Ing\u00e9nierie m\u00e9canique, Hydraulique & Composite","url":"https:\/\/www.ad-industries.fr\/","logo":{"@type":"ImageObject","inLanguage":"en-US","@id":"https:\/\/www.ad-industries.fr\/#\/schema\/logo\/image\/","url":"https:\/\/www.ad-industries.fr\/content\/uploads\/2018\/10\/logo-ad-industries.png","contentUrl":"https:\/\/www.ad-industries.fr\/content\/uploads\/2018\/10\/logo-ad-industries.png","width":350,"height":61,"caption":"AD Industries : Ing\u00e9nierie m\u00e9canique, Hydraulique & Composite"},"image":{"@id":"https:\/\/www.ad-industries.fr\/#\/schema\/logo\/image\/"},"sameAs":["https:\/\/www.linkedin.com\/company\/11211785\/admin\/"]}]}},"_links":{"self":[{"href":"https:\/\/www.ad-industries.fr\/en\/wp-json\/wp\/v2\/pages\/2490","targetHints":{"allow":["GET"]}}],"collection":[{"href":"https:\/\/www.ad-industries.fr\/en\/wp-json\/wp\/v2\/pages"}],"about":[{"href":"https:\/\/www.ad-industries.fr\/en\/wp-json\/wp\/v2\/types\/page"}],"author":[{"embeddable":true,"href":"https:\/\/www.ad-industries.fr\/en\/wp-json\/wp\/v2\/users\/3"}],"replies":[{"embeddable":true,"href":"https:\/\/www.ad-industries.fr\/en\/wp-json\/wp\/v2\/comments?post=2490"}],"version-history":[{"count":17,"href":"https:\/\/www.ad-industries.fr\/en\/wp-json\/wp\/v2\/pages\/2490\/revisions"}],"predecessor-version":[{"id":4248,"href":"https:\/\/www.ad-industries.fr\/en\/wp-json\/wp\/v2\/pages\/2490\/revisions\/4248"}],"wp:featuredmedia":[{"embeddable":true,"href":"https:\/\/www.ad-industries.fr\/en\/wp-json\/wp\/v2\/media\/2393"}],"wp:attachment":[{"href":"https:\/\/www.ad-industries.fr\/en\/wp-json\/wp\/v2\/media?parent=2490"}],"curies":[{"name":"wp","href":"https:\/\/api.w.org\/{rel}","templated":true}]}}